{"id":1157,"date":"2024-05-02T10:18:23","date_gmt":"2024-05-02T13:18:23","guid":{"rendered":"https:\/\/comcristonocerrado.org\/?page_id=1157"},"modified":"2024-05-02T10:18:24","modified_gmt":"2024-05-02T13:18:24","slug":"informativo-2023","status":"publish","type":"page","link":"https:\/\/comcristonocerrado.org\/?page_id=1157","title":{"rendered":"INFORMATIVO 2023"},"content":{"rendered":"\n<h2 class=\"wp-block-heading\" id=\"veja-na-integra-nosso-informativo-com-informacoes-textos-e-mensagens-especiais-de-nossos-lideres\"> Veja na integra nosso informativo, com informa\u00e7\u00f5es, textos e mensagens especiais de nossos l\u00edderes. <\/h2>\n\n\n\n<div data-wp-interactive=\"core\/file\" class=\"wp-block-file\"><object data-wp-bind--hidden=\"!state.hasPdfPreview\" hidden class=\"wp-block-file__embed\" data=\"https:\/\/comcristonocerrado.org\/wp-content\/uploads\/2024\/05\/INFORMATIVO-2023-COM-CRISTO-prova-final.pdf\" type=\"application\/pdf\" style=\"width:100%;height:2000px\" aria-label=\"Incorporado de INFORMATIVO-2023-COM-CRISTO-prova-final.\"><\/object><a id=\"wp-block-file--media-1f1cb299-080c-419d-a5f8-b2dad1682f95\" href=\"https:\/\/comcristonocerrado.org\/wp-content\/uploads\/2024\/05\/INFORMATIVO-2023-COM-CRISTO-prova-final.pdf\">INFORMATIVO-2023-COM-CRISTO-prova-final<\/a><a href=\"https:\/\/comcristonocerrado.org\/wp-content\/uploads\/2024\/05\/INFORMATIVO-2023-COM-CRISTO-prova-final.pdf\" class=\"wp-block-file__button wp-element-button\" download aria-describedby=\"wp-block-file--media-1f1cb299-080c-419d-a5f8-b2dad1682f95\">Baixar<\/a><\/div>\n","protected":false},"excerpt":{"rendered":"<p>Veja na integra nosso informativo, com informa\u00e7\u00f5es, textos e mensagens especiais de nossos l\u00edderes.<\/p>\n","protected":false},"author":2,"featured_media":0,"parent":0,"menu_order":0,"comment_status":"closed","ping_status":"closed","template":"","meta":{"footnotes":""},"class_list":["post-1157","page","type-page","status-publish","hentry"],"_links":{"self":[{"href":"https:\/\/comcristonocerrado.org\/index.php?rest_route=\/wp\/v2\/pages\/1157","targetHints":{"allow":["GET"]}}],"collection":[{"href":"https:\/\/comcristonocerrado.org\/index.php?rest_route=\/wp\/v2\/pages"}],"about":[{"href":"https:\/\/comcristonocerrado.org\/index.php?rest_route=\/wp\/v2\/types\/page"}],"author":[{"embeddable":true,"href":"https:\/\/comcristonocerrado.org\/index.php?rest_route=\/wp\/v2\/users\/2"}],"replies":[{"embeddable":true,"href":"https:\/\/comcristonocerrado.org\/index.php?rest_route=%2Fwp%2Fv2%2Fcomments&post=1157"}],"version-history":[{"count":1,"href":"https:\/\/comcristonocerrado.org\/index.php?rest_route=\/wp\/v2\/pages\/1157\/revisions"}],"predecessor-version":[{"id":1159,"href":"https:\/\/comcristonocerrado.org\/index.php?rest_route=\/wp\/v2\/pages\/1157\/revisions\/1159"}],"wp:attachment":[{"href":"https:\/\/comcristonocerrado.org\/index.php?rest_route=%2Fwp%2Fv2%2Fmedia&parent=1157"}],"curies":[{"name":"wp","href":"https:\/\/api.w.org\/{rel}","templated":true}]}}