{"id":133,"date":"2020-10-20T13:46:43","date_gmt":"2020-10-20T16:46:43","guid":{"rendered":"https:\/\/comcristonocerrado.org\/?page_id=133"},"modified":"2022-05-19T18:01:21","modified_gmt":"2022-05-19T21:01:21","slug":"textos","status":"publish","type":"page","link":"https:\/\/comcristonocerrado.org\/?page_id=133","title":{"rendered":"Textos"},"content":{"rendered":"\n<div class=\"wp-block-group\"><div class=\"wp-block-group__inner-container is-layout-flow wp-block-group-is-layout-flow\">\n<h2 class=\"has-text-color wp-block-heading\" style=\"color:#ba0c49;font-size:38px\"><mark style=\"background-color:rgba(0, 0, 0, 0);color:#238d6b\" class=\"has-inline-color\">O ANO QUE FICAR\u00c1 PARA A HIST\u00d3RIA<\/mark><\/h2>\n\n\n\n<div class=\"wp-block-columns is-layout-flex wp-container-core-columns-is-layout-9d6595d7 wp-block-columns-is-layout-flex\">\n<div class=\"wp-block-column is-layout-flow wp-block-column-is-layout-flow\">\n<div class=\"wp-block-image is-style-default\"><figure class=\"alignleft size-large is-resized\"><img loading=\"lazy\" decoding=\"async\" src=\"http:\/\/comcristonocerrado.org\/wp-content\/uploads\/2020\/10\/MARCELO.jpg\" alt=\"\" class=\"wp-image-156\" width=\"302\" height=\"302\" srcset=\"https:\/\/comcristonocerrado.org\/wp-content\/uploads\/2020\/10\/MARCELO.jpg 960w, https:\/\/comcristonocerrado.org\/wp-content\/uploads\/2020\/10\/MARCELO-300x300.jpg 300w, https:\/\/comcristonocerrado.org\/wp-content\/uploads\/2020\/10\/MARCELO-150x150.jpg 150w, https:\/\/comcristonocerrado.org\/wp-content\/uploads\/2020\/10\/MARCELO-768x768.jpg 768w, https:\/\/comcristonocerrado.org\/wp-content\/uploads\/2020\/10\/MARCELO-60x60.jpg 60w\" sizes=\"auto, (max-width: 302px) 100vw, 302px\" \/><figcaption>Marcelo Gomes <\/figcaption><\/figure><\/div>\n\n\n\n<p class=\"has-text-align-left\">2020 ficar\u00e1 na hist\u00f3ria. Ser\u00e1 famoso e lembrado por d\u00e9cadas, talvez s\u00e9culos. No futuro, algu\u00e9m mencionar\u00e1 2020 em aulas, discursos ou palestras. <\/p>\n\n\n\n<p>Cham\u00e1-lo-\u00e3o de o ano da pandemia, do coronavirus ou do lockdown mundial. Para algumas pessoas, ele ser\u00e1 o ano da reviravolta, da trag\u00e9dia ou da guinada na vida. Figurar\u00e1 na lembran\u00e7a ao lado de anos como o do nascimento, o do casamento ou de uma experi\u00eancia extraordin\u00e1ria.<\/p>\n\n\n\n<p>Todas as gera\u00e7\u00f5es t\u00eam seu ano marcante, Israel, por exemplo, povo de Deus, viveu alguns: o ano da dvis\u00e3o do reino, o do ex\u00edlio para Babil\u00f4nia e o da liberta\u00e7\u00e3o dos cativos. Mas poucos ficaram t\u00e3o famosos quanto aquele registrado pelo profeta Isaias, em seu livro de profecias: o ano da morte do Rei Uzias (Isaias 6:1) Foi nesse ano que o profeta cujos or\u00e1culos atravessaram gera\u00e7\u00f5es teve a experi\u00eancia com Deus que marcou sua vida para sempre.<\/p>\n\n\n\n<p>No ano da morte do Rei Uzias, Isaias teve uma vis\u00e3o de Deus. Essa vis\u00e3o, por si s\u00f3, j\u00e1 valeria o ano, a d\u00e9cada, a vida. Mas por que ele fez quest\u00e3o de dizer que essa experi\u00eancia se deu no ano do passamento do monarca? Porque este foi, para o profeta, cujo minist\u00e9rio se desenvolva exatamente na corte de Uzias, um ano de mudan\u00e7as, perdas, incertezas e inseguran\u00e7a quanto ao presente e ao futuro.<\/p>\n\n\n\n<p>Permaneceria profeta? Seria exilado? Seria morto? Quando um ano entra para a hist\u00f3ria em raz\u00e3o de acontecimentos tr\u00e1gicos, dolorosos ou traumatizantes, s\u00f3 uma vis\u00e3o de Deus pode redimi-lo. Quando o ano parece perdido, somente a vis\u00e3o de Deus pode resgat\u00e1-lo e transforma-lo no grande ano de nossas vidas. E oque a vis\u00e3o de Isaias tem para nos ensinar?<\/p>\n\n\n\n<p>A primeira li\u00e7\u00e3o \u00e9 que n\u00e3o importam as circunst\u00e2ncias, as lutas e as perdas, n\u00f3s podemos CONFIAR. Deus est\u00e1 no controle de todas as coisas e, para citar os ap\u00f3stolos, Paulo, age em todas as coisas para o bem daqueles que o amam (Romanos 8:28). Isaias viu Deus, e Ele estava, como ainda est\u00e1,<\/p>\n\n\n\n<p>assentado no trono, reinando. Ele n\u00e3o perdeu e nem soltou as r\u00e9deas da hist\u00f3ria e, em breve, Seus eternos prop\u00f3sitos se revelar\u00e3o para n\u00f3s.<\/p>\n\n\n\n<p>A segunda li\u00e7\u00e4o que Isa\u00edas aprendeu e nos ensina \u00e9 que n\u00e3o importam as circunst\u00e2ncias, as lutas e as perdas, n\u00f3s podemos MUDAR. Prova\u00e7\u00f5es e tribula\u00e7\u00f5es n\u00e3o s\u00e3o sofrimento e dor se nos ajudam a passar por transforma\u00e7\u00f5es que nos fa\u00e7am oessoas melhores. Isaias viu a Deus, mas tamb\u00e9m viu seu pecado e sua fraqueza. E por eles p\u00f4de ser perdoado. E apesar deles p\u00f4de ser perdoado. E apesar deles p\u00f4de ser renovado. Uma pessoa nova pode nascer da trag\u00e9dia.<\/p>\n\n\n\n<p>Enfim, a terceira li\u00e7\u00e3o que Isaias aprendeu e nos ensina \u00e9 que n\u00e3o importam as circunst\u00e2ncias, as lutas e as perdas, n\u00f3s podemos SERVIR. Nenhuma adversidade nos isenta ou impede de sermos aux\u00edlio e b\u00ean\u00e7\u00e3o para quem nos cerca. E a pandemia da doen\u00e7a ser\u00e1 vencida por uma epidemia de solidariedade. Isaias viu a Deus, e Ele perguntava a quem enviar ao mundo, e quem poderia ir em Seu nome a alcan\u00e7ar as pessoas, Isaias disse: &#8220;eis-me aqui, envia-me&#8221;.<\/p>\n\n\n\n<p>Enfim, a terceira li\u00e7\u00e3o que Isaias aprendeu e nos ensina \u00e9 que n\u00e3o importam as circunst\u00e2ncias, as lutas e as perdas, n\u00f3s podemos SERVIR. Nenhuma adversidade nos isenta ou impede de sermos aux\u00edlio e b\u00ean\u00e7\u00e3o para quem nos cerca. E a pandemia da doen\u00e7a ser\u00e1 vencida por uma epidemia de solidariedade. Isaias viu a Deus, e Ele perguntava a quem enviar ao mundo, e quem poderia ir em Seu nome a alcan\u00e7ar as pessoas, Isaias disse: &#8220;eis-me aqui, envia-me&#8221;.<\/p>\n\n\n\n<p>O ano de 2020 entrar\u00e1 para a hist\u00f3ria, sem d\u00favida. Mas eu e voc\u00ea decidiremos se apenas pelo v\u00edrus que assolou o mundo ou se pela nossa decis\u00e3o de permitimos que Deus escreva, em n\u00f3s e atrav\u00e9s de n\u00f3s, um novo e maravilhoso capitulo. Assim, seja ainda neste ano ou no pr\u00f3ximo, ou a qualquer tempo, que nos lembremos de que sempre podemos confiar, mudar e servir, desde que nossa vis\u00e3o, esteja colocada em Deus e n\u00e3o nas circunst\u00e2ncias.<\/p>\n<\/div>\n<\/div>\n<\/div><\/div>\n\n\n\n<h2 class=\"wp-block-heading\"><\/h2>\n\n\n\n<h2 class=\"wp-block-heading\"><mark style=\"background-color:rgba(0, 0, 0, 0);color:#238d6b\" class=\"has-inline-color\">GANHEI UM BELO PRESENTE <\/mark><\/h2>\n\n\n\n<div class=\"wp-block-image is-style-default\"><figure class=\"alignleft size-large is-resized\"><img loading=\"lazy\" decoding=\"async\" src=\"http:\/\/comcristonocerrado.org\/wp-content\/uploads\/2020\/12\/Captura-de-Tela-2020-12-02-a\u0300s-09.43.52-1-edited.png\" alt=\"\" class=\"wp-image-179\" width=\"197\" height=\"197\"\/><figcaption>Gladiston Pires<\/figcaption><\/figure><\/div>\n\n\n\n<p>No dia 24 de setembro, tive oportunidade de participar do bel\u00edssimo evento de lan\u00e7amento da Safra de Soja 2020-2021, em Capin\u00f3polis-MG, a convite do presidente da Aprosoja Minas, Wesley Barbosa, tendo inclusive a presen\u00e7a do Governador de Minas, Romeu Zema, que at\u00e9 subiu em uma plantadeira para dar in\u00edcios aos trabalhos na safra.<\/p>\n\n\n\n<p>O evento foi espetacular, tendo transmiss\u00e3o ao vivo pelo Canal Rural, e mostrou a for\u00e7a do agroneg\u00f3cio brasileiro, em especial do Tri\u00e2ngulo Mineiro.<\/p>\n\n\n\n<p>Mas o que me chamou a aten\u00e7\u00e3o de fato foi no almo\u00e7o, onde me deparei com algo diferente, em que cada pessoa presente recebeu um \u201cBrinde\u201d, que eu chamo de um \u201cBelo Presente\u201d.<\/p>\n\n\n\n<p>Ganhar brinde, at\u00e9 a\u00ed tudo bem, isso acontece em v\u00e1rios eventos, como uma garrafinha para \u00e1gua, um bon\u00e9, antigamente tinha at\u00e9 agenda.<\/p>\n\n\n\n<p>Mas foi a primeira vez que vi, cada pessoa presente no almo\u00e7o ganhar uma \u201cB\u00edblia\u201d, isso mesmo, a \u201cB\u00edblia Sagrada Com Cristo no Cerrado\u201d. Se o evento j\u00e1 havia sido maravilhoso, com um delicioso almo\u00e7o, o seu fechamento foi \u201cespetacular\u201d.<\/p>\n\n\n\n<p>Ao longo da minha vida profissional, onde recebi muitos pr\u00eamios, muitos presentes e elogios, estava ali, com algo que, garanto, nunca tinha visto. Por isso, considero importante relatar nas redes sociais para mostrar que nem tudo que temos visto \u00e9 ruim, que ainda existe uma parcela de pessoas s\u00e9rias, de bom cora\u00e7\u00e3o e que sem d\u00favida procuram semear o bem. Na vida gentileza, gera gentileza. Semeie o bem que receber\u00e1s os bons frutos.<\/p>\n\n\n\n<p>S\u00f3 me resta dizer: \u201cObrigado Wesley Barbosa e toda equipe da Aprosoja, e \u00e0s pessoas que tiveram essa maravilhosa ideia de entregar essa \u201cB\u00edblia\u201d como presente, pois estamos vivendo um momento de incertezas, inseguran\u00e7a, medo que provoca ansiedade, onde a coisa que mais fazemos ao longo do dia, \u00e9 pedir prote\u00e7\u00e3o a Deus, enfim, esse foi um verdadeiro presente entregue no momento em que mais precisamos de uma palavra de afeto e conforto, e nada melhor do que encontrar essas palavras na B\u00edblia. Que Deus aben\u00e7oe a todos\u201d.<\/p>\n","protected":false},"excerpt":{"rendered":"<p>O ANO QUE FICAR\u00c1 PARA A HIST\u00d3RIA 2020 ficar\u00e1 na hist\u00f3ria. Ser\u00e1 famoso e lembrado por d\u00e9cadas, talvez s\u00e9culos. No futuro, algu\u00e9m mencionar\u00e1 2020 em aulas, discursos ou palestras. Cham\u00e1-lo-\u00e3o &hellip; <\/p>\n","protected":false},"author":2,"featured_media":0,"parent":0,"menu_order":0,"comment_status":"closed","ping_status":"closed","template":"","meta":{"footnotes":""},"class_list":["post-133","page","type-page","status-publish","hentry"],"_links":{"self":[{"href":"https:\/\/comcristonocerrado.org\/index.php?rest_route=\/wp\/v2\/pages\/133","targetHints":{"allow":["GET"]}}],"collection":[{"href":"https:\/\/comcristonocerrado.org\/index.php?rest_route=\/wp\/v2\/pages"}],"about":[{"href":"https:\/\/comcristonocerrado.org\/index.php?rest_route=\/wp\/v2\/types\/page"}],"author":[{"embeddable":true,"href":"https:\/\/comcristonocerrado.org\/index.php?rest_route=\/wp\/v2\/users\/2"}],"replies":[{"embeddable":true,"href":"https:\/\/comcristonocerrado.org\/index.php?rest_route=%2Fwp%2Fv2%2Fcomments&post=133"}],"version-history":[{"count":12,"href":"https:\/\/comcristonocerrado.org\/index.php?rest_route=\/wp\/v2\/pages\/133\/revisions"}],"predecessor-version":[{"id":853,"href":"https:\/\/comcristonocerrado.org\/index.php?rest_route=\/wp\/v2\/pages\/133\/revisions\/853"}],"wp:attachment":[{"href":"https:\/\/comcristonocerrado.org\/index.php?rest_route=%2Fwp%2Fv2%2Fmedia&parent=133"}],"curies":[{"name":"wp","href":"https:\/\/api.w.org\/{rel}","templated":true}]}}