{"id":267,"date":"2021-04-27T09:03:09","date_gmt":"2021-04-27T12:03:09","guid":{"rendered":"https:\/\/comcristonocerrado.org\/?page_id=267"},"modified":"2023-03-20T11:56:17","modified_gmt":"2023-03-20T14:56:17","slug":"informativo-2","status":"publish","type":"page","link":"https:\/\/comcristonocerrado.org\/?page_id=267","title":{"rendered":"INFORMATIVO"},"content":{"rendered":"\n<h1 class=\"wp-block-heading\" id=\"informativo-2021\">Informativo 2022.<\/h1>\n\n\n\n<h2 class=\"wp-block-heading\" id=\"veja-na-integra-nosso-informativo-com-informacoes-textos-e-mensagens-especiais-de-nossos-lideres\"> Veja na integra nosso informativo, com informa\u00e7\u00f5es, textos e mensagens especiais de nossos l\u00edderes. <\/h2>\n\n\n\n<div class=\"wp-block-group\"><div class=\"wp-block-group__inner-container is-layout-flow wp-block-group-is-layout-flow\"><div class=\"wp-block-image\">\n<figure class=\"aligncenter size-large\"><img loading=\"lazy\" decoding=\"async\" width=\"742\" height=\"1024\" src=\"https:\/\/comcristonocerrado.org\/wp-content\/uploads\/2023\/03\/INFORMATIVO-2022-Pg-01-742x1024.png\" alt=\"\" class=\"wp-image-1021\" srcset=\"https:\/\/comcristonocerrado.org\/wp-content\/uploads\/2023\/03\/INFORMATIVO-2022-Pg-01-742x1024.png 742w, https:\/\/comcristonocerrado.org\/wp-content\/uploads\/2023\/03\/INFORMATIVO-2022-Pg-01-217x300.png 217w, https:\/\/comcristonocerrado.org\/wp-content\/uploads\/2023\/03\/INFORMATIVO-2022-Pg-01-768x1060.png 768w, https:\/\/comcristonocerrado.org\/wp-content\/uploads\/2023\/03\/INFORMATIVO-2022-Pg-01-1113x1536.png 1113w, https:\/\/comcristonocerrado.org\/wp-content\/uploads\/2023\/03\/INFORMATIVO-2022-Pg-01-1484x2048.png 1484w, https:\/\/comcristonocerrado.org\/wp-content\/uploads\/2023\/03\/INFORMATIVO-2022-Pg-01-43x60.png 43w, https:\/\/comcristonocerrado.org\/wp-content\/uploads\/2023\/03\/INFORMATIVO-2022-Pg-01.png 1866w\" sizes=\"auto, (max-width: 742px) 100vw, 742px\" \/><\/figure>\n<\/div><\/div><\/div>\n\n\n\n<div class=\"wp-block-group\"><div class=\"wp-block-group__inner-container is-layout-flow wp-block-group-is-layout-flow\"><div class=\"wp-block-image\">\n<figure class=\"aligncenter size-large\"><img loading=\"lazy\" decoding=\"async\" width=\"741\" height=\"1024\" src=\"https:\/\/comcristonocerrado.org\/wp-content\/uploads\/2023\/03\/INFORMATIVO-2022-Pg-02-741x1024.png\" alt=\"\" class=\"wp-image-1020\" srcset=\"https:\/\/comcristonocerrado.org\/wp-content\/uploads\/2023\/03\/INFORMATIVO-2022-Pg-02-741x1024.png 741w, https:\/\/comcristonocerrado.org\/wp-content\/uploads\/2023\/03\/INFORMATIVO-2022-Pg-02-217x300.png 217w, https:\/\/comcristonocerrado.org\/wp-content\/uploads\/2023\/03\/INFORMATIVO-2022-Pg-02-768x1061.png 768w, https:\/\/comcristonocerrado.org\/wp-content\/uploads\/2023\/03\/INFORMATIVO-2022-Pg-02-1112x1536.png 1112w, https:\/\/comcristonocerrado.org\/wp-content\/uploads\/2023\/03\/INFORMATIVO-2022-Pg-02-1483x2048.png 1483w, https:\/\/comcristonocerrado.org\/wp-content\/uploads\/2023\/03\/INFORMATIVO-2022-Pg-02-43x60.png 43w, https:\/\/comcristonocerrado.org\/wp-content\/uploads\/2023\/03\/INFORMATIVO-2022-Pg-02.png 1865w\" sizes=\"auto, (max-width: 741px) 100vw, 741px\" \/><\/figure>\n<\/div><\/div><\/div>\n\n\n\n<div class=\"wp-block-group\"><div class=\"wp-block-group__inner-container is-layout-flow wp-block-group-is-layout-flow\"><div class=\"wp-block-image\">\n<figure class=\"aligncenter size-large\"><img loading=\"lazy\" decoding=\"async\" width=\"742\" height=\"1024\" src=\"https:\/\/comcristonocerrado.org\/wp-content\/uploads\/2023\/03\/INFORMATIVO-2022-Pg-03-742x1024.png\" alt=\"\" class=\"wp-image-1022\" srcset=\"https:\/\/comcristonocerrado.org\/wp-content\/uploads\/2023\/03\/INFORMATIVO-2022-Pg-03-742x1024.png 742w, https:\/\/comcristonocerrado.org\/wp-content\/uploads\/2023\/03\/INFORMATIVO-2022-Pg-03-217x300.png 217w, https:\/\/comcristonocerrado.org\/wp-content\/uploads\/2023\/03\/INFORMATIVO-2022-Pg-03-768x1060.png 768w, https:\/\/comcristonocerrado.org\/wp-content\/uploads\/2023\/03\/INFORMATIVO-2022-Pg-03-1113x1536.png 1113w, https:\/\/comcristonocerrado.org\/wp-content\/uploads\/2023\/03\/INFORMATIVO-2022-Pg-03-1484x2048.png 1484w, https:\/\/comcristonocerrado.org\/wp-content\/uploads\/2023\/03\/INFORMATIVO-2022-Pg-03-43x60.png 43w, https:\/\/comcristonocerrado.org\/wp-content\/uploads\/2023\/03\/INFORMATIVO-2022-Pg-03.png 1866w\" sizes=\"auto, (max-width: 742px) 100vw, 742px\" \/><\/figure>\n<\/div><\/div><\/div>\n\n\n\n<div class=\"wp-block-group\"><div class=\"wp-block-group__inner-container is-layout-flow wp-block-group-is-layout-flow\"><div class=\"wp-block-image\">\n<figure class=\"aligncenter size-large\"><img loading=\"lazy\" decoding=\"async\" width=\"742\" height=\"1024\" src=\"https:\/\/comcristonocerrado.org\/wp-content\/uploads\/2023\/03\/INFORMATIVO-2022-Pg-04-742x1024.png\" alt=\"\" class=\"wp-image-1023\" srcset=\"https:\/\/comcristonocerrado.org\/wp-content\/uploads\/2023\/03\/INFORMATIVO-2022-Pg-04-742x1024.png 742w, https:\/\/comcristonocerrado.org\/wp-content\/uploads\/2023\/03\/INFORMATIVO-2022-Pg-04-217x300.png 217w, https:\/\/comcristonocerrado.org\/wp-content\/uploads\/2023\/03\/INFORMATIVO-2022-Pg-04-768x1060.png 768w, https:\/\/comcristonocerrado.org\/wp-content\/uploads\/2023\/03\/INFORMATIVO-2022-Pg-04-1113x1536.png 1113w, https:\/\/comcristonocerrado.org\/wp-content\/uploads\/2023\/03\/INFORMATIVO-2022-Pg-04-1484x2048.png 1484w, https:\/\/comcristonocerrado.org\/wp-content\/uploads\/2023\/03\/INFORMATIVO-2022-Pg-04-43x60.png 43w, https:\/\/comcristonocerrado.org\/wp-content\/uploads\/2023\/03\/INFORMATIVO-2022-Pg-04.png 1866w\" sizes=\"auto, (max-width: 742px) 100vw, 742px\" \/><\/figure>\n<\/div><\/div><\/div>\n\n\n\n<div class=\"wp-block-group\"><div class=\"wp-block-group__inner-container is-layout-flow wp-block-group-is-layout-flow\"><div class=\"wp-block-image\">\n<figure class=\"aligncenter size-large\"><img loading=\"lazy\" decoding=\"async\" width=\"742\" height=\"1024\" src=\"https:\/\/comcristonocerrado.org\/wp-content\/uploads\/2023\/03\/INFORMATIVO-2022-Pg-05-742x1024.png\" alt=\"\" class=\"wp-image-1024\" srcset=\"https:\/\/comcristonocerrado.org\/wp-content\/uploads\/2023\/03\/INFORMATIVO-2022-Pg-05-742x1024.png 742w, https:\/\/comcristonocerrado.org\/wp-content\/uploads\/2023\/03\/INFORMATIVO-2022-Pg-05-217x300.png 217w, https:\/\/comcristonocerrado.org\/wp-content\/uploads\/2023\/03\/INFORMATIVO-2022-Pg-05-768x1060.png 768w, https:\/\/comcristonocerrado.org\/wp-content\/uploads\/2023\/03\/INFORMATIVO-2022-Pg-05-1113x1536.png 1113w, https:\/\/comcristonocerrado.org\/wp-content\/uploads\/2023\/03\/INFORMATIVO-2022-Pg-05-1484x2048.png 1484w, https:\/\/comcristonocerrado.org\/wp-content\/uploads\/2023\/03\/INFORMATIVO-2022-Pg-05-43x60.png 43w, https:\/\/comcristonocerrado.org\/wp-content\/uploads\/2023\/03\/INFORMATIVO-2022-Pg-05.png 1866w\" sizes=\"auto, (max-width: 742px) 100vw, 742px\" \/><\/figure>\n<\/div><\/div><\/div>\n\n\n\n<div class=\"wp-block-group\"><div class=\"wp-block-group__inner-container is-layout-flow wp-block-group-is-layout-flow\"><div class=\"wp-block-image\">\n<figure class=\"aligncenter size-large\"><img loading=\"lazy\" decoding=\"async\" width=\"742\" height=\"1024\" src=\"https:\/\/comcristonocerrado.org\/wp-content\/uploads\/2023\/03\/INFORMATIVO-2022-Pg-06-742x1024.png\" alt=\"\" class=\"wp-image-1025\" srcset=\"https:\/\/comcristonocerrado.org\/wp-content\/uploads\/2023\/03\/INFORMATIVO-2022-Pg-06-742x1024.png 742w, https:\/\/comcristonocerrado.org\/wp-content\/uploads\/2023\/03\/INFORMATIVO-2022-Pg-06-217x300.png 217w, https:\/\/comcristonocerrado.org\/wp-content\/uploads\/2023\/03\/INFORMATIVO-2022-Pg-06-768x1060.png 768w, https:\/\/comcristonocerrado.org\/wp-content\/uploads\/2023\/03\/INFORMATIVO-2022-Pg-06-1113x1536.png 1113w, https:\/\/comcristonocerrado.org\/wp-content\/uploads\/2023\/03\/INFORMATIVO-2022-Pg-06-1484x2048.png 1484w, https:\/\/comcristonocerrado.org\/wp-content\/uploads\/2023\/03\/INFORMATIVO-2022-Pg-06-43x60.png 43w, https:\/\/comcristonocerrado.org\/wp-content\/uploads\/2023\/03\/INFORMATIVO-2022-Pg-06.png 1866w\" sizes=\"auto, (max-width: 742px) 100vw, 742px\" \/><\/figure>\n<\/div><\/div><\/div>\n\n\n\n<div class=\"wp-block-group\"><div class=\"wp-block-group__inner-container is-layout-flow wp-block-group-is-layout-flow\"><div class=\"wp-block-image\">\n<figure class=\"aligncenter size-large\"><img loading=\"lazy\" decoding=\"async\" width=\"741\" height=\"1024\" src=\"https:\/\/comcristonocerrado.org\/wp-content\/uploads\/2023\/03\/INFORMATIVO-2022-Pg-07-741x1024.png\" alt=\"\" class=\"wp-image-1026\" srcset=\"https:\/\/comcristonocerrado.org\/wp-content\/uploads\/2023\/03\/INFORMATIVO-2022-Pg-07-741x1024.png 741w, https:\/\/comcristonocerrado.org\/wp-content\/uploads\/2023\/03\/INFORMATIVO-2022-Pg-07-217x300.png 217w, https:\/\/comcristonocerrado.org\/wp-content\/uploads\/2023\/03\/INFORMATIVO-2022-Pg-07-768x1061.png 768w, https:\/\/comcristonocerrado.org\/wp-content\/uploads\/2023\/03\/INFORMATIVO-2022-Pg-07-1112x1536.png 1112w, https:\/\/comcristonocerrado.org\/wp-content\/uploads\/2023\/03\/INFORMATIVO-2022-Pg-07-1483x2048.png 1483w, https:\/\/comcristonocerrado.org\/wp-content\/uploads\/2023\/03\/INFORMATIVO-2022-Pg-07-43x60.png 43w, https:\/\/comcristonocerrado.org\/wp-content\/uploads\/2023\/03\/INFORMATIVO-2022-Pg-07.png 1865w\" sizes=\"auto, (max-width: 741px) 100vw, 741px\" \/><\/figure>\n<\/div><\/div><\/div>\n\n\n\n<div class=\"wp-block-group\"><div class=\"wp-block-group__inner-container is-layout-flow wp-block-group-is-layout-flow\"><div class=\"wp-block-image\">\n<figure class=\"aligncenter size-large\"><img loading=\"lazy\" decoding=\"async\" width=\"741\" height=\"1024\" src=\"https:\/\/comcristonocerrado.org\/wp-content\/uploads\/2023\/03\/INFORMATIVO-2022-Pg-08-741x1024.png\" alt=\"\" class=\"wp-image-1028\" srcset=\"https:\/\/comcristonocerrado.org\/wp-content\/uploads\/2023\/03\/INFORMATIVO-2022-Pg-08-741x1024.png 741w, https:\/\/comcristonocerrado.org\/wp-content\/uploads\/2023\/03\/INFORMATIVO-2022-Pg-08-217x300.png 217w, https:\/\/comcristonocerrado.org\/wp-content\/uploads\/2023\/03\/INFORMATIVO-2022-Pg-08-768x1061.png 768w, https:\/\/comcristonocerrado.org\/wp-content\/uploads\/2023\/03\/INFORMATIVO-2022-Pg-08-1112x1536.png 1112w, https:\/\/comcristonocerrado.org\/wp-content\/uploads\/2023\/03\/INFORMATIVO-2022-Pg-08-1483x2048.png 1483w, https:\/\/comcristonocerrado.org\/wp-content\/uploads\/2023\/03\/INFORMATIVO-2022-Pg-08-43x60.png 43w, https:\/\/comcristonocerrado.org\/wp-content\/uploads\/2023\/03\/INFORMATIVO-2022-Pg-08.png 1865w\" sizes=\"auto, (max-width: 741px) 100vw, 741px\" \/><\/figure>\n<\/div><\/div><\/div>\n\n\n\n<div class=\"wp-block-group\"><div class=\"wp-block-group__inner-container is-layout-flow wp-block-group-is-layout-flow\"><div class=\"wp-block-image\">\n<figure class=\"aligncenter size-large\"><img loading=\"lazy\" decoding=\"async\" width=\"741\" height=\"1024\" src=\"https:\/\/comcristonocerrado.org\/wp-content\/uploads\/2023\/03\/INFORMATIVO-2022-Pg-09-1-741x1024.png\" alt=\"\" class=\"wp-image-1029\" srcset=\"https:\/\/comcristonocerrado.org\/wp-content\/uploads\/2023\/03\/INFORMATIVO-2022-Pg-09-1-741x1024.png 741w, https:\/\/comcristonocerrado.org\/wp-content\/uploads\/2023\/03\/INFORMATIVO-2022-Pg-09-1-217x300.png 217w, https:\/\/comcristonocerrado.org\/wp-content\/uploads\/2023\/03\/INFORMATIVO-2022-Pg-09-1-768x1061.png 768w, https:\/\/comcristonocerrado.org\/wp-content\/uploads\/2023\/03\/INFORMATIVO-2022-Pg-09-1-1112x1536.png 1112w, https:\/\/comcristonocerrado.org\/wp-content\/uploads\/2023\/03\/INFORMATIVO-2022-Pg-09-1-1483x2048.png 1483w, https:\/\/comcristonocerrado.org\/wp-content\/uploads\/2023\/03\/INFORMATIVO-2022-Pg-09-1-43x60.png 43w, https:\/\/comcristonocerrado.org\/wp-content\/uploads\/2023\/03\/INFORMATIVO-2022-Pg-09-1.png 1865w\" sizes=\"auto, (max-width: 741px) 100vw, 741px\" \/><\/figure>\n<\/div><\/div><\/div>\n\n\n\n<div class=\"wp-block-group\"><div class=\"wp-block-group__inner-container is-layout-flow wp-block-group-is-layout-flow\"><div class=\"wp-block-image\">\n<figure class=\"aligncenter size-large\"><img loading=\"lazy\" decoding=\"async\" width=\"741\" height=\"1024\" src=\"https:\/\/comcristonocerrado.org\/wp-content\/uploads\/2023\/03\/INFORMATIVO-2022-Pg-10-741x1024.png\" alt=\"\" class=\"wp-image-1030\" srcset=\"https:\/\/comcristonocerrado.org\/wp-content\/uploads\/2023\/03\/INFORMATIVO-2022-Pg-10-741x1024.png 741w, https:\/\/comcristonocerrado.org\/wp-content\/uploads\/2023\/03\/INFORMATIVO-2022-Pg-10-217x300.png 217w, https:\/\/comcristonocerrado.org\/wp-content\/uploads\/2023\/03\/INFORMATIVO-2022-Pg-10-768x1061.png 768w, https:\/\/comcristonocerrado.org\/wp-content\/uploads\/2023\/03\/INFORMATIVO-2022-Pg-10-1112x1536.png 1112w, https:\/\/comcristonocerrado.org\/wp-content\/uploads\/2023\/03\/INFORMATIVO-2022-Pg-10-1483x2048.png 1483w, https:\/\/comcristonocerrado.org\/wp-content\/uploads\/2023\/03\/INFORMATIVO-2022-Pg-10-43x60.png 43w, https:\/\/comcristonocerrado.org\/wp-content\/uploads\/2023\/03\/INFORMATIVO-2022-Pg-10.png 1865w\" sizes=\"auto, (max-width: 741px) 100vw, 741px\" \/><\/figure>\n<\/div><\/div><\/div>\n\n\n\n<div class=\"wp-block-group\"><div class=\"wp-block-group__inner-container is-layout-flow wp-block-group-is-layout-flow\"><div class=\"wp-block-image\">\n<figure class=\"aligncenter size-large\"><img loading=\"lazy\" decoding=\"async\" width=\"742\" height=\"1024\" src=\"https:\/\/comcristonocerrado.org\/wp-content\/uploads\/2023\/03\/INFORMATIVO-2022-Pg-11-742x1024.png\" alt=\"\" class=\"wp-image-1031\" srcset=\"https:\/\/comcristonocerrado.org\/wp-content\/uploads\/2023\/03\/INFORMATIVO-2022-Pg-11-742x1024.png 742w, https:\/\/comcristonocerrado.org\/wp-content\/uploads\/2023\/03\/INFORMATIVO-2022-Pg-11-217x300.png 217w, https:\/\/comcristonocerrado.org\/wp-content\/uploads\/2023\/03\/INFORMATIVO-2022-Pg-11-768x1060.png 768w, https:\/\/comcristonocerrado.org\/wp-content\/uploads\/2023\/03\/INFORMATIVO-2022-Pg-11-1113x1536.png 1113w, https:\/\/comcristonocerrado.org\/wp-content\/uploads\/2023\/03\/INFORMATIVO-2022-Pg-11-1484x2048.png 1484w, https:\/\/comcristonocerrado.org\/wp-content\/uploads\/2023\/03\/INFORMATIVO-2022-Pg-11-43x60.png 43w, https:\/\/comcristonocerrado.org\/wp-content\/uploads\/2023\/03\/INFORMATIVO-2022-Pg-11.png 1866w\" sizes=\"auto, (max-width: 742px) 100vw, 742px\" \/><\/figure>\n<\/div><\/div><\/div>\n\n\n\n<div class=\"wp-block-group\"><div class=\"wp-block-group__inner-container is-layout-flow wp-block-group-is-layout-flow\"><div class=\"wp-block-image\">\n<figure class=\"aligncenter size-large\"><img loading=\"lazy\" decoding=\"async\" width=\"742\" height=\"1024\" src=\"https:\/\/comcristonocerrado.org\/wp-content\/uploads\/2023\/03\/INFORMATIVO-2022-Pg-12-742x1024.png\" alt=\"\" class=\"wp-image-1032\" srcset=\"https:\/\/comcristonocerrado.org\/wp-content\/uploads\/2023\/03\/INFORMATIVO-2022-Pg-12-742x1024.png 742w, https:\/\/comcristonocerrado.org\/wp-content\/uploads\/2023\/03\/INFORMATIVO-2022-Pg-12-217x300.png 217w, https:\/\/comcristonocerrado.org\/wp-content\/uploads\/2023\/03\/INFORMATIVO-2022-Pg-12-768x1060.png 768w, https:\/\/comcristonocerrado.org\/wp-content\/uploads\/2023\/03\/INFORMATIVO-2022-Pg-12-1113x1536.png 1113w, https:\/\/comcristonocerrado.org\/wp-content\/uploads\/2023\/03\/INFORMATIVO-2022-Pg-12-1484x2048.png 1484w, https:\/\/comcristonocerrado.org\/wp-content\/uploads\/2023\/03\/INFORMATIVO-2022-Pg-12-43x60.png 43w, https:\/\/comcristonocerrado.org\/wp-content\/uploads\/2023\/03\/INFORMATIVO-2022-Pg-12.png 1866w\" sizes=\"auto, (max-width: 742px) 100vw, 742px\" \/><\/figure>\n<\/div><\/div><\/div>\n\n\n\n<div class=\"wp-block-group\"><div class=\"wp-block-group__inner-container is-layout-flow wp-block-group-is-layout-flow\">\n<div class=\"wp-block-columns is-layout-flex wp-container-core-columns-is-layout-9d6595d7 wp-block-columns-is-layout-flex\">\n<div class=\"wp-block-column is-layout-flow wp-block-column-is-layout-flow\" style=\"flex-basis:100%\"><div class=\"wp-block-image\">\n<figure class=\"aligncenter size-large\"><img loading=\"lazy\" decoding=\"async\" width=\"742\" height=\"1024\" src=\"https:\/\/comcristonocerrado.org\/wp-content\/uploads\/2023\/03\/INFORMATIVO-2022-Pg-13-742x1024.png\" alt=\"\" class=\"wp-image-1033\" srcset=\"https:\/\/comcristonocerrado.org\/wp-content\/uploads\/2023\/03\/INFORMATIVO-2022-Pg-13-742x1024.png 742w, https:\/\/comcristonocerrado.org\/wp-content\/uploads\/2023\/03\/INFORMATIVO-2022-Pg-13-217x300.png 217w, https:\/\/comcristonocerrado.org\/wp-content\/uploads\/2023\/03\/INFORMATIVO-2022-Pg-13-768x1060.png 768w, https:\/\/comcristonocerrado.org\/wp-content\/uploads\/2023\/03\/INFORMATIVO-2022-Pg-13-1113x1536.png 1113w, https:\/\/comcristonocerrado.org\/wp-content\/uploads\/2023\/03\/INFORMATIVO-2022-Pg-13-1484x2048.png 1484w, https:\/\/comcristonocerrado.org\/wp-content\/uploads\/2023\/03\/INFORMATIVO-2022-Pg-13-43x60.png 43w, https:\/\/comcristonocerrado.org\/wp-content\/uploads\/2023\/03\/INFORMATIVO-2022-Pg-13.png 1866w\" sizes=\"auto, (max-width: 742px) 100vw, 742px\" \/><\/figure>\n<\/div><\/div>\n<\/div>\n<\/div><\/div>\n\n\n<div class=\"wp-block-image\">\n<figure class=\"aligncenter size-large\"><img loading=\"lazy\" decoding=\"async\" width=\"742\" height=\"1024\" src=\"https:\/\/comcristonocerrado.org\/wp-content\/uploads\/2023\/03\/INFORMATIVO-2022-Pg-14-742x1024.png\" alt=\"\" class=\"wp-image-1034\" srcset=\"https:\/\/comcristonocerrado.org\/wp-content\/uploads\/2023\/03\/INFORMATIVO-2022-Pg-14-742x1024.png 742w, https:\/\/comcristonocerrado.org\/wp-content\/uploads\/2023\/03\/INFORMATIVO-2022-Pg-14-217x300.png 217w, https:\/\/comcristonocerrado.org\/wp-content\/uploads\/2023\/03\/INFORMATIVO-2022-Pg-14-768x1060.png 768w, https:\/\/comcristonocerrado.org\/wp-content\/uploads\/2023\/03\/INFORMATIVO-2022-Pg-14-1113x1536.png 1113w, https:\/\/comcristonocerrado.org\/wp-content\/uploads\/2023\/03\/INFORMATIVO-2022-Pg-14-1484x2048.png 1484w, https:\/\/comcristonocerrado.org\/wp-content\/uploads\/2023\/03\/INFORMATIVO-2022-Pg-14-43x60.png 43w, https:\/\/comcristonocerrado.org\/wp-content\/uploads\/2023\/03\/INFORMATIVO-2022-Pg-14.png 1866w\" sizes=\"auto, (max-width: 742px) 100vw, 742px\" \/><\/figure>\n<\/div>\n\n<div class=\"wp-block-image\">\n<figure class=\"aligncenter size-large\"><img loading=\"lazy\" decoding=\"async\" width=\"742\" height=\"1024\" src=\"https:\/\/comcristonocerrado.org\/wp-content\/uploads\/2023\/03\/INFORMATIVO-2022-Pg-15-742x1024.png\" alt=\"\" class=\"wp-image-1035\" srcset=\"https:\/\/comcristonocerrado.org\/wp-content\/uploads\/2023\/03\/INFORMATIVO-2022-Pg-15-742x1024.png 742w, https:\/\/comcristonocerrado.org\/wp-content\/uploads\/2023\/03\/INFORMATIVO-2022-Pg-15-217x300.png 217w, https:\/\/comcristonocerrado.org\/wp-content\/uploads\/2023\/03\/INFORMATIVO-2022-Pg-15-768x1060.png 768w, https:\/\/comcristonocerrado.org\/wp-content\/uploads\/2023\/03\/INFORMATIVO-2022-Pg-15-1113x1536.png 1113w, https:\/\/comcristonocerrado.org\/wp-content\/uploads\/2023\/03\/INFORMATIVO-2022-Pg-15-1484x2048.png 1484w, https:\/\/comcristonocerrado.org\/wp-content\/uploads\/2023\/03\/INFORMATIVO-2022-Pg-15-43x60.png 43w, https:\/\/comcristonocerrado.org\/wp-content\/uploads\/2023\/03\/INFORMATIVO-2022-Pg-15.png 1866w\" sizes=\"auto, (max-width: 742px) 100vw, 742px\" \/><\/figure>\n<\/div>\n\n<div class=\"wp-block-image\">\n<figure class=\"aligncenter size-large\"><img loading=\"lazy\" decoding=\"async\" width=\"742\" height=\"1024\" src=\"https:\/\/comcristonocerrado.org\/wp-content\/uploads\/2023\/03\/INFORMATIVO-2022-Pg-16-742x1024.png\" alt=\"\" class=\"wp-image-1036\" srcset=\"https:\/\/comcristonocerrado.org\/wp-content\/uploads\/2023\/03\/INFORMATIVO-2022-Pg-16-742x1024.png 742w, https:\/\/comcristonocerrado.org\/wp-content\/uploads\/2023\/03\/INFORMATIVO-2022-Pg-16-217x300.png 217w, https:\/\/comcristonocerrado.org\/wp-content\/uploads\/2023\/03\/INFORMATIVO-2022-Pg-16-768x1060.png 768w, https:\/\/comcristonocerrado.org\/wp-content\/uploads\/2023\/03\/INFORMATIVO-2022-Pg-16-1113x1536.png 1113w, https:\/\/comcristonocerrado.org\/wp-content\/uploads\/2023\/03\/INFORMATIVO-2022-Pg-16-1484x2048.png 1484w, https:\/\/comcristonocerrado.org\/wp-content\/uploads\/2023\/03\/INFORMATIVO-2022-Pg-16-43x60.png 43w, https:\/\/comcristonocerrado.org\/wp-content\/uploads\/2023\/03\/INFORMATIVO-2022-Pg-16.png 1866w\" sizes=\"auto, (max-width: 742px) 100vw, 742px\" \/><\/figure>\n<\/div>\n\n<div class=\"wp-block-image\">\n<figure class=\"aligncenter size-large\"><img loading=\"lazy\" decoding=\"async\" width=\"742\" height=\"1024\" src=\"https:\/\/comcristonocerrado.org\/wp-content\/uploads\/2023\/03\/INFORMATIVO-2022-Pg-17-742x1024.png\" alt=\"\" class=\"wp-image-1037\" srcset=\"https:\/\/comcristonocerrado.org\/wp-content\/uploads\/2023\/03\/INFORMATIVO-2022-Pg-17-742x1024.png 742w, https:\/\/comcristonocerrado.org\/wp-content\/uploads\/2023\/03\/INFORMATIVO-2022-Pg-17-217x300.png 217w, https:\/\/comcristonocerrado.org\/wp-content\/uploads\/2023\/03\/INFORMATIVO-2022-Pg-17-768x1060.png 768w, https:\/\/comcristonocerrado.org\/wp-content\/uploads\/2023\/03\/INFORMATIVO-2022-Pg-17-1113x1536.png 1113w, https:\/\/comcristonocerrado.org\/wp-content\/uploads\/2023\/03\/INFORMATIVO-2022-Pg-17-1484x2048.png 1484w, https:\/\/comcristonocerrado.org\/wp-content\/uploads\/2023\/03\/INFORMATIVO-2022-Pg-17-43x60.png 43w, https:\/\/comcristonocerrado.org\/wp-content\/uploads\/2023\/03\/INFORMATIVO-2022-Pg-17.png 1866w\" sizes=\"auto, (max-width: 742px) 100vw, 742px\" \/><\/figure>\n<\/div>\n\n<div class=\"wp-block-image\">\n<figure class=\"aligncenter size-large\"><img loading=\"lazy\" decoding=\"async\" width=\"742\" height=\"1024\" src=\"https:\/\/comcristonocerrado.org\/wp-content\/uploads\/2023\/03\/INFORMATIVO-2022-Pg-18-742x1024.png\" alt=\"\" class=\"wp-image-1038\" srcset=\"https:\/\/comcristonocerrado.org\/wp-content\/uploads\/2023\/03\/INFORMATIVO-2022-Pg-18-742x1024.png 742w, https:\/\/comcristonocerrado.org\/wp-content\/uploads\/2023\/03\/INFORMATIVO-2022-Pg-18-217x300.png 217w, https:\/\/comcristonocerrado.org\/wp-content\/uploads\/2023\/03\/INFORMATIVO-2022-Pg-18-768x1060.png 768w, https:\/\/comcristonocerrado.org\/wp-content\/uploads\/2023\/03\/INFORMATIVO-2022-Pg-18-1113x1536.png 1113w, https:\/\/comcristonocerrado.org\/wp-content\/uploads\/2023\/03\/INFORMATIVO-2022-Pg-18-1484x2048.png 1484w, https:\/\/comcristonocerrado.org\/wp-content\/uploads\/2023\/03\/INFORMATIVO-2022-Pg-18-43x60.png 43w, https:\/\/comcristonocerrado.org\/wp-content\/uploads\/2023\/03\/INFORMATIVO-2022-Pg-18.png 1866w\" sizes=\"auto, (max-width: 742px) 100vw, 742px\" \/><\/figure>\n<\/div>\n\n<div class=\"wp-block-image\">\n<figure class=\"aligncenter size-large\"><img loading=\"lazy\" decoding=\"async\" width=\"742\" height=\"1024\" src=\"https:\/\/comcristonocerrado.org\/wp-content\/uploads\/2023\/03\/INFORMATIVO-2022-Pg-19-742x1024.png\" alt=\"\" class=\"wp-image-1039\" srcset=\"https:\/\/comcristonocerrado.org\/wp-content\/uploads\/2023\/03\/INFORMATIVO-2022-Pg-19-742x1024.png 742w, https:\/\/comcristonocerrado.org\/wp-content\/uploads\/2023\/03\/INFORMATIVO-2022-Pg-19-217x300.png 217w, https:\/\/comcristonocerrado.org\/wp-content\/uploads\/2023\/03\/INFORMATIVO-2022-Pg-19-768x1060.png 768w, https:\/\/comcristonocerrado.org\/wp-content\/uploads\/2023\/03\/INFORMATIVO-2022-Pg-19-1113x1536.png 1113w, https:\/\/comcristonocerrado.org\/wp-content\/uploads\/2023\/03\/INFORMATIVO-2022-Pg-19-1484x2048.png 1484w, https:\/\/comcristonocerrado.org\/wp-content\/uploads\/2023\/03\/INFORMATIVO-2022-Pg-19-43x60.png 43w, https:\/\/comcristonocerrado.org\/wp-content\/uploads\/2023\/03\/INFORMATIVO-2022-Pg-19.png 1866w\" sizes=\"auto, (max-width: 742px) 100vw, 742px\" \/><\/figure>\n<\/div>\n\n<div class=\"wp-block-image\">\n<figure class=\"aligncenter size-large\"><img loading=\"lazy\" decoding=\"async\" width=\"742\" height=\"1024\" src=\"https:\/\/comcristonocerrado.org\/wp-content\/uploads\/2023\/03\/INFORMATIVO-2022-Pg-20-742x1024.png\" alt=\"\" class=\"wp-image-1040\" srcset=\"https:\/\/comcristonocerrado.org\/wp-content\/uploads\/2023\/03\/INFORMATIVO-2022-Pg-20-742x1024.png 742w, https:\/\/comcristonocerrado.org\/wp-content\/uploads\/2023\/03\/INFORMATIVO-2022-Pg-20-217x300.png 217w, https:\/\/comcristonocerrado.org\/wp-content\/uploads\/2023\/03\/INFORMATIVO-2022-Pg-20-768x1060.png 768w, https:\/\/comcristonocerrado.org\/wp-content\/uploads\/2023\/03\/INFORMATIVO-2022-Pg-20-1113x1536.png 1113w, https:\/\/comcristonocerrado.org\/wp-content\/uploads\/2023\/03\/INFORMATIVO-2022-Pg-20-1484x2048.png 1484w, https:\/\/comcristonocerrado.org\/wp-content\/uploads\/2023\/03\/INFORMATIVO-2022-Pg-20-43x60.png 43w, https:\/\/comcristonocerrado.org\/wp-content\/uploads\/2023\/03\/INFORMATIVO-2022-Pg-20.png 1866w\" sizes=\"auto, (max-width: 742px) 100vw, 742px\" \/><\/figure>\n<\/div>","protected":false},"excerpt":{"rendered":"<p>Informativo 2022. Veja na integra nosso informativo, com informa\u00e7\u00f5es, textos e mensagens especiais de nossos l\u00edderes.<\/p>\n","protected":false},"author":2,"featured_media":802,"parent":0,"menu_order":0,"comment_status":"closed","ping_status":"closed","template":"","meta":{"footnotes":""},"class_list":["post-267","page","type-page","status-publish","has-post-thumbnail","hentry"],"_links":{"self":[{"href":"https:\/\/comcristonocerrado.org\/index.php?rest_route=\/wp\/v2\/pages\/267","targetHints":{"allow":["GET"]}}],"collection":[{"href":"https:\/\/comcristonocerrado.org\/index.php?rest_route=\/wp\/v2\/pages"}],"about":[{"href":"https:\/\/comcristonocerrado.org\/index.php?rest_route=\/wp\/v2\/types\/page"}],"author":[{"embeddable":true,"href":"https:\/\/comcristonocerrado.org\/index.php?rest_route=\/wp\/v2\/users\/2"}],"replies":[{"embeddable":true,"href":"https:\/\/comcristonocerrado.org\/index.php?rest_route=%2Fwp%2Fv2%2Fcomments&post=267"}],"version-history":[{"count":9,"href":"https:\/\/comcristonocerrado.org\/index.php?rest_route=\/wp\/v2\/pages\/267\/revisions"}],"predecessor-version":[{"id":1041,"href":"https:\/\/comcristonocerrado.org\/index.php?rest_route=\/wp\/v2\/pages\/267\/revisions\/1041"}],"wp:featuredmedia":[{"embeddable":true,"href":"https:\/\/comcristonocerrado.org\/index.php?rest_route=\/wp\/v2\/media\/802"}],"wp:attachment":[{"href":"https:\/\/comcristonocerrado.org\/index.php?rest_route=%2Fwp%2Fv2%2Fmedia&parent=267"}],"curies":[{"name":"wp","href":"https:\/\/api.w.org\/{rel}","templated":true}]}}