{"id":58,"date":"2020-10-01T10:23:35","date_gmt":"2020-10-01T13:23:35","guid":{"rendered":"https:\/\/comcristonocerrado.org\/?page_id=58"},"modified":"2022-05-16T16:52:32","modified_gmt":"2022-05-16T19:52:32","slug":"quem-somos","status":"publish","type":"page","link":"https:\/\/comcristonocerrado.org\/?page_id=58","title":{"rendered":"Quem somos"},"content":{"rendered":"\n<figure class=\"wp-block-embed is-type-video is-provider-youtube wp-block-embed-youtube wp-embed-aspect-16-9 wp-has-aspect-ratio\"><div class=\"wp-block-embed__wrapper\">\n<iframe loading=\"lazy\" title=\"V\u00cdDEO INSTITUCIONAL COM CRISTO NO CERRADO\" width=\"767\" height=\"431\" src=\"https:\/\/www.youtube.com\/embed\/tle9etT-QLc?feature=oembed\" frameborder=\"0\" allow=\"accelerometer; autoplay; clipboard-write; encrypted-media; gyroscope; picture-in-picture\" allowfullscreen><\/iframe>\n<\/div><figcaption><strong>V\u00cdDEO INSTITUCIONAL COM CRISTO NO CERRADO<\/strong><\/figcaption><\/figure>\n\n\n\n<p>Fundado em abril de 2004, o minist\u00e9rio Com Cristo no Cerrado \u00e9 uma organiza\u00e7\u00e3o interdenominacional sem fins lucrativos, mantida pela provid\u00eancia divina atrav\u00e9s de doa\u00e7\u00f5es volunt\u00e1rias.<\/p>\n\n\n\n<p><strong>Nossa miss\u00e3o:<\/strong>&nbsp;Disseminar a palavra de Deus aos homens de neg\u00f3cios e a todas as fam\u00edlias ligadas a cadeia produtiva do agroneg\u00f3cio, especialmente nas regi\u00f5es do cerrado brasileiro.<\/p>\n\n\n\n<p><strong>Nossa estrat\u00e9gia:<\/strong>&nbsp;Atuar atrav\u00e9s da distribui\u00e7\u00e3o de b\u00edblias personalizadas, literatura de boa qualidade, mensagens gravadas e da realiza\u00e7\u00e3o de confer\u00eancias.<\/p>\n\n\n\n<p>A Institui\u00e7\u00e3o&nbsp;<strong>COM CRISTO NO CERRADO,<\/strong>&nbsp;poder\u00e1 relacionar-se para fins de coopera\u00e7\u00e3o, com as outras organiza\u00e7\u00f5es, associa\u00e7\u00f5es, miss\u00f5es e minist\u00e9rios que se alinhem a sua vis\u00e3o no aspecto da evangeliza\u00e7\u00e3o, desde que, n\u00e3o configure e nem a vincule a qualquer seguimento eclesi\u00e1stico.<\/p>\n\n\n\n<p>No desenvolvimento de suas atividades evangel\u00edsticas, a institui\u00e7\u00e3o observar\u00e1 os princ\u00edpios da legalidade, impessoalidade, \u00e9tica, transpar\u00eancia, equidade, publicidade, economicidade e efici\u00eancia, e n\u00e3o far\u00e1 qualquer discrimina\u00e7\u00e3o de ra\u00e7a, cor, sexo ou religi\u00e3o.<\/p>\n\n\n\n<p>A fim de cumprir suas finalidades, a Institui\u00e7\u00e3o COM CRISTO NO CERRADO se organizar\u00e1 em unidades, quantas se fizerem necess\u00e1rias, podendo atuar em todo territ\u00f3rio nacional e internacional, abrindo n\u00facleos regionais, filiais ou licenciados que ser\u00e3o regidos pelas normas estatut\u00e1rias.<\/p>\n\n\n\n<p><strong>Eleitos para o mandato 2022 \u2013 2024<\/strong><\/p>\n\n\n\n<p><strong>Presidente:&nbsp;<\/strong>Alberto Schlatter <\/p>\n\n\n\n<p><strong>Vice-presidente:<\/strong> Aldo Aparecido de Souza<\/p>\n\n\n\n<ul class=\"wp-block-list\"><li><strong>1\u00ba Secret\u00e1rio:<\/strong>&nbsp;Ad\u00e3o Antonio Hoffmann<\/li><li><strong>2\u00ba Secret\u00e1rio:&nbsp;<\/strong>C\u00edcero Benedito dos Santos<\/li><li><strong>1\u00ba Tesoureiro:&nbsp;<\/strong>Jonas Mulari Schlatter<\/li><li><strong>2\u00ba Tesoureiro:<\/strong>&nbsp;Waldyr Egideo <\/li><\/ul>\n","protected":false},"excerpt":{"rendered":"<p>Fundado em abril de 2004, o minist\u00e9rio Com Cristo no Cerrado \u00e9 uma organiza\u00e7\u00e3o interdenominacional sem fins lucrativos, mantida pela provid\u00eancia divina atrav\u00e9s de doa\u00e7\u00f5es volunt\u00e1rias. Nossa miss\u00e3o:&nbsp;Disseminar a palavra &hellip; <\/p>\n","protected":false},"author":2,"featured_media":814,"parent":0,"menu_order":0,"comment_status":"closed","ping_status":"closed","template":"","meta":{"footnotes":""},"class_list":["post-58","page","type-page","status-publish","has-post-thumbnail","hentry"],"_links":{"self":[{"href":"https:\/\/comcristonocerrado.org\/index.php?rest_route=\/wp\/v2\/pages\/58","targetHints":{"allow":["GET"]}}],"collection":[{"href":"https:\/\/comcristonocerrado.org\/index.php?rest_route=\/wp\/v2\/pages"}],"about":[{"href":"https:\/\/comcristonocerrado.org\/index.php?rest_route=\/wp\/v2\/types\/page"}],"author":[{"embeddable":true,"href":"https:\/\/comcristonocerrado.org\/index.php?rest_route=\/wp\/v2\/users\/2"}],"replies":[{"embeddable":true,"href":"https:\/\/comcristonocerrado.org\/index.php?rest_route=%2Fwp%2Fv2%2Fcomments&post=58"}],"version-history":[{"count":5,"href":"https:\/\/comcristonocerrado.org\/index.php?rest_route=\/wp\/v2\/pages\/58\/revisions"}],"predecessor-version":[{"id":815,"href":"https:\/\/comcristonocerrado.org\/index.php?rest_route=\/wp\/v2\/pages\/58\/revisions\/815"}],"wp:featuredmedia":[{"embeddable":true,"href":"https:\/\/comcristonocerrado.org\/index.php?rest_route=\/wp\/v2\/media\/814"}],"wp:attachment":[{"href":"https:\/\/comcristonocerrado.org\/index.php?rest_route=%2Fwp%2Fv2%2Fmedia&parent=58"}],"curies":[{"name":"wp","href":"https:\/\/api.w.org\/{rel}","templated":true}]}}