{"id":59,"date":"2020-10-01T10:23:35","date_gmt":"2020-10-01T13:23:35","guid":{"rendered":"https:\/\/comcristonocerrado.org\/?page_id=59"},"modified":"2022-07-12T12:02:52","modified_gmt":"2022-07-12T15:02:52","slug":"onde-estamos","status":"publish","type":"page","link":"https:\/\/comcristonocerrado.org\/?page_id=59","title":{"rendered":"Onde estamos"},"content":{"rendered":"\n<p>O Minist\u00e9rio Com Cristo no Cerrado est\u00e1 localizado no munic\u00edpio de Chapad\u00e3o do Sul, localizado na regi\u00e3o nordeste do Estado do Mato Grosso do Sul. O nosso endere\u00e7o \u00e9 na Avenida 2 N\u00ba 607 Centro. Chapad\u00e3o do Sul-MS CEP 79560.000<\/p>\n\n\n\n<iframe src=\"https:\/\/www.google.com\/maps\/embed?pb=!1m18!1m12!1m3!1d3777.060276977574!2d-52.61767199999999!3d-18.795466899999965!2m3!1f0!2f0!3f0!3m2!1i1024!2i768!4f13.1!3m3!1m2!1s0x949d331b9e587533%3A0x5873fe4dc18b8716!2sCom%20Cristo%20No%20Cerrado!5e0!3m2!1spt-BR!2sbr!4v1657637398398!5m2!1spt-BR!2sbr\" width=\"600\" height=\"450\" style=\"border:0;\" allowfullscreen=\"\" loading=\"lazy\" referrerpolicy=\"no-referrer-when-downgrade\"><\/iframe>\n\n\n\n<p class=\"has-text-align-center\"><a rel=\"noreferrer noopener\" href=\"https:\/\/goo.gl\/maps\/ZBdhvj7QwuBgen1o6\" target=\"_blank\"><strong>https:\/\/goo.gl\/maps\/ZBdhvj7QwuBgen1o6<\/strong><\/a><\/p>\n","protected":false},"excerpt":{"rendered":"<p>O Minist\u00e9rio Com Cristo no Cerrado est\u00e1 localizado no munic\u00edpio de Chapad\u00e3o do Sul, localizado na regi\u00e3o nordeste do Estado do Mato Grosso do Sul. O nosso endere\u00e7o \u00e9 na &hellip; <\/p>\n","protected":false},"author":2,"featured_media":73,"parent":0,"menu_order":0,"comment_status":"closed","ping_status":"closed","template":"","meta":{"footnotes":""},"class_list":["post-59","page","type-page","status-publish","has-post-thumbnail","hentry"],"_links":{"self":[{"href":"https:\/\/comcristonocerrado.org\/index.php?rest_route=\/wp\/v2\/pages\/59","targetHints":{"allow":["GET"]}}],"collection":[{"href":"https:\/\/comcristonocerrado.org\/index.php?rest_route=\/wp\/v2\/pages"}],"about":[{"href":"https:\/\/comcristonocerrado.org\/index.php?rest_route=\/wp\/v2\/types\/page"}],"author":[{"embeddable":true,"href":"https:\/\/comcristonocerrado.org\/index.php?rest_route=\/wp\/v2\/users\/2"}],"replies":[{"embeddable":true,"href":"https:\/\/comcristonocerrado.org\/index.php?rest_route=%2Fwp%2Fv2%2Fcomments&post=59"}],"version-history":[{"count":3,"href":"https:\/\/comcristonocerrado.org\/index.php?rest_route=\/wp\/v2\/pages\/59\/revisions"}],"predecessor-version":[{"id":971,"href":"https:\/\/comcristonocerrado.org\/index.php?rest_route=\/wp\/v2\/pages\/59\/revisions\/971"}],"wp:featuredmedia":[{"embeddable":true,"href":"https:\/\/comcristonocerrado.org\/index.php?rest_route=\/wp\/v2\/media\/73"}],"wp:attachment":[{"href":"https:\/\/comcristonocerrado.org\/index.php?rest_route=%2Fwp%2Fv2%2Fmedia&parent=59"}],"curies":[{"name":"wp","href":"https:\/\/api.w.org\/{rel}","templated":true}]}}