{"id":595,"date":"2022-01-27T17:18:01","date_gmt":"2022-01-27T20:18:01","guid":{"rendered":"https:\/\/comcristonocerrado.org\/?page_id=595"},"modified":"2022-02-07T11:28:37","modified_gmt":"2022-02-07T14:28:37","slug":"brasil-que-pais-e-esse","status":"publish","type":"page","link":"https:\/\/comcristonocerrado.org\/?page_id=595","title":{"rendered":"Brasil, Que Pa\u00eds \u00e9 Esse?"},"content":{"rendered":"\n<h2 class=\"wp-block-heading\" id=\"confianca-e-esperanca-da-nacao-brasileira\">Confian\u00e7a e Esperan\u00e7a da Na\u00e7\u00e3o Brasileira.<\/h2>\n\n\n\n<figure class=\"wp-block-embed is-type-video is-provider-youtube wp-block-embed-youtube wp-embed-aspect-16-9 wp-has-aspect-ratio\"><div class=\"wp-block-embed__wrapper\">\n<iframe loading=\"lazy\" title=\"Brasil que Pais e Esse   Marcos Kopeska\" width=\"767\" height=\"431\" src=\"https:\/\/www.youtube.com\/embed\/zPS8840YSyM?feature=oembed\" frameborder=\"0\" allow=\"accelerometer; autoplay; clipboard-write; encrypted-media; gyroscope; picture-in-picture\" allowfullscreen><\/iframe>\n<\/div><\/figure>\n\n\n\n<p><\/p>\n\n\n\n<h2 class=\"wp-block-heading\" id=\"se-preocupando-com-o-futuro-da-nacao-brasileira-crista\">Se Preocupando Com o Futuro da Na\u00e7\u00e3o Brasileira Crist\u00e3.<\/h2>\n\n\n\n<figure class=\"wp-block-embed is-type-video is-provider-youtube wp-block-embed-youtube wp-embed-aspect-16-9 wp-has-aspect-ratio\"><div class=\"wp-block-embed__wrapper\">\n<iframe loading=\"lazy\" title=\"Brasil, Que Pa\u00eds \u00e9 Esse? Com Alberto Schlatter.\" width=\"767\" height=\"431\" src=\"https:\/\/www.youtube.com\/embed\/cNCOBwGHcXQ?feature=oembed\" frameborder=\"0\" allow=\"accelerometer; autoplay; clipboard-write; encrypted-media; gyroscope; picture-in-picture\" allowfullscreen><\/iframe>\n<\/div><\/figure>\n\n\n\n<h2 class=\"wp-block-heading\" id=\"porque-sou-cristao\">Porque Sou Crist\u00e3o?<\/h2>\n\n\n\n<figure class=\"wp-block-embed is-type-video is-provider-youtube wp-block-embed-youtube wp-embed-aspect-16-9 wp-has-aspect-ratio\"><div class=\"wp-block-embed__wrapper\">\n<iframe loading=\"lazy\" title=\"BRASIL QUE PAIS E ESSE Domingo 14 de Novembro de 2021  ALBERTO\" width=\"767\" height=\"431\" src=\"https:\/\/www.youtube.com\/embed\/34Dgt_ZteHo?feature=oembed\" frameborder=\"0\" allow=\"accelerometer; autoplay; clipboard-write; encrypted-media; gyroscope; picture-in-picture\" allowfullscreen><\/iframe>\n<\/div><\/figure>\n\n\n\n<p><\/p>\n\n\n\n<h2 class=\"wp-block-heading\" id=\"a-possibilidade-de-um-sonho-se-realizar\">A Possibilidade De Um Sonho Se Realizar!<\/h2>\n\n\n\n<figure class=\"wp-block-embed is-type-video is-provider-youtube wp-block-embed-youtube wp-embed-aspect-16-9 wp-has-aspect-ratio\"><div class=\"wp-block-embed__wrapper\">\n<iframe loading=\"lazy\" title=\"BRASIL QUE PA\u00cdS \u00c9 ESSE   ALBERTO SCHLATTER 3\" width=\"767\" height=\"431\" src=\"https:\/\/www.youtube.com\/embed\/K8uXM1xC_ZM?feature=oembed\" frameborder=\"0\" allow=\"accelerometer; autoplay; clipboard-write; encrypted-media; gyroscope; picture-in-picture\" allowfullscreen><\/iframe>\n<\/div><\/figure>\n\n\n\n<p><\/p>\n\n\n\n<h2 class=\"wp-block-heading\" id=\"venca-o-mal-com-o-bem\">Ven\u00e7a o Mal Com o Bem.<\/h2>\n\n\n\n<figure class=\"wp-block-embed is-type-video is-provider-youtube wp-block-embed-youtube wp-embed-aspect-16-9 wp-has-aspect-ratio\"><div class=\"wp-block-embed__wrapper\">\n<iframe loading=\"lazy\" title=\"BRASIL QUE PAIS \u00c9 ESSE   ALBERTO SCHLATTER 6\" width=\"767\" height=\"431\" src=\"https:\/\/www.youtube.com\/embed\/2NgMSmntUag?feature=oembed\" frameborder=\"0\" allow=\"accelerometer; autoplay; clipboard-write; encrypted-media; gyroscope; picture-in-picture\" allowfullscreen><\/iframe>\n<\/div><\/figure>\n\n\n\n<p><\/p>\n\n\n\n<h2 class=\"wp-block-heading\" id=\"amamos-a-nossa-patria\">Amamos a Nossa P\u00e1tria.<\/h2>\n\n\n\n<figure class=\"wp-block-embed is-type-video is-provider-youtube wp-block-embed-youtube wp-embed-aspect-16-9 wp-has-aspect-ratio\"><div class=\"wp-block-embed__wrapper\">\n<iframe loading=\"lazy\" title=\"BRASIL QUE PA\u00cdS \u00c9 ESSE   ALBERTO SCHLATTER 2\" width=\"767\" height=\"431\" src=\"https:\/\/www.youtube.com\/embed\/vBGpJGzRxvE?feature=oembed\" frameborder=\"0\" allow=\"accelerometer; autoplay; clipboard-write; encrypted-media; gyroscope; picture-in-picture\" allowfullscreen><\/iframe>\n<\/div><\/figure>\n","protected":false},"excerpt":{"rendered":"<p>Confian\u00e7a e Esperan\u00e7a da Na\u00e7\u00e3o Brasileira. Se Preocupando Com o Futuro da Na\u00e7\u00e3o Brasileira Crist\u00e3. Porque Sou Crist\u00e3o? A Possibilidade De Um Sonho Se Realizar! Ven\u00e7a o Mal Com o &hellip; <\/p>\n","protected":false},"author":2,"featured_media":448,"parent":0,"menu_order":0,"comment_status":"open","ping_status":"closed","template":"","meta":{"footnotes":""},"class_list":["post-595","page","type-page","status-publish","has-post-thumbnail","hentry"],"_links":{"self":[{"href":"https:\/\/comcristonocerrado.org\/index.php?rest_route=\/wp\/v2\/pages\/595","targetHints":{"allow":["GET"]}}],"collection":[{"href":"https:\/\/comcristonocerrado.org\/index.php?rest_route=\/wp\/v2\/pages"}],"about":[{"href":"https:\/\/comcristonocerrado.org\/index.php?rest_route=\/wp\/v2\/types\/page"}],"author":[{"embeddable":true,"href":"https:\/\/comcristonocerrado.org\/index.php?rest_route=\/wp\/v2\/users\/2"}],"replies":[{"embeddable":true,"href":"https:\/\/comcristonocerrado.org\/index.php?rest_route=%2Fwp%2Fv2%2Fcomments&post=595"}],"version-history":[{"count":5,"href":"https:\/\/comcristonocerrado.org\/index.php?rest_route=\/wp\/v2\/pages\/595\/revisions"}],"predecessor-version":[{"id":688,"href":"https:\/\/comcristonocerrado.org\/index.php?rest_route=\/wp\/v2\/pages\/595\/revisions\/688"}],"wp:featuredmedia":[{"embeddable":true,"href":"https:\/\/comcristonocerrado.org\/index.php?rest_route=\/wp\/v2\/media\/448"}],"wp:attachment":[{"href":"https:\/\/comcristonocerrado.org\/index.php?rest_route=%2Fwp%2Fv2%2Fmedia&parent=595"}],"curies":[{"name":"wp","href":"https:\/\/api.w.org\/{rel}","templated":true}]}}