{"id":606,"date":"2022-01-28T09:14:34","date_gmt":"2022-01-28T12:14:34","guid":{"rendered":"https:\/\/comcristonocerrado.org\/?page_id=606"},"modified":"2022-05-19T18:08:34","modified_gmt":"2022-05-19T21:08:34","slug":"viagens-missionarias","status":"publish","type":"page","link":"https:\/\/comcristonocerrado.org\/?page_id=606","title":{"rendered":"VIAGENS MISSION\u00c1RIAS"},"content":{"rendered":"\n<h1 class=\"wp-block-heading\">Terceira Viagem mission\u00e1ria de diretores do Com Cristo no Cerrado entrega mais de 530 b\u00edblias personalizadas em Mato Grosso<\/h1>\n\n\n\n<p class=\"has-drop-cap has-medium-font-size\"><strong>Viagem mission\u00e1ria de diretores do Com Cristo no Cerrado<\/strong><\/p>\n\n\n\n<p id=\"block-776f7dbf-2238-48c5-bd3d-f225746b9d2b\"><strong>Durante o final da primeira semana deste m\u00eas de maio, membros do Com Cristo no Cerrado, de Chapad\u00e3o do Sul, realizaram mais uma viagem mission\u00e1ria para distribui\u00e7\u00e3o da B\u00edblia personalizada, discutir o cristianismo e estreitar la\u00e7os com empres\u00e1rios.<\/strong><\/p>\n\n\n\n<figure class=\"wp-block-image\" id=\"block-11ae44f3-1adf-4794-862a-81ae9b50c1ae\"><img decoding=\"async\" src=\"https:\/\/jovemsulnews.com.br\/wp-content\/uploads\/2022\/05\/VIAGEM-MISSIONARIA-COM-CRISTO-NO-CERRADO-MT-01.jpg\" alt=\"O atributo alt desta imagem est\u00e1 vazio. O nome do arquivo \u00e9 VIAGEM-MISSIONARIA-COM-CRISTO-NO-CERRADO-MT-01.jpg\"\/><\/figure>\n\n\n\n<p id=\"block-a22d50e4-9349-4cf0-8d48-6070dc02b241\">O Presidente do Com Cristo no Cerrado, Alberto Schlatter, sua esposa Terezinha de Jesus Mulari Schlatter, Pastor Bremmer e Sueli (secretaria do Com Cristo no Cerrado), realizaram mais uma viagem mission\u00e1ria para o Estado de Mato Grosso.<\/p>\n\n\n\n<p id=\"block-6a0739ac-2259-47f4-8eb4-cb9a290b5347\">Eles estiveram em Rondon\u00f3polis, Campo Verde e Cuiab\u00e1, encontrando-se com grandes empres\u00e1rios e pastores da regi\u00e3o, de 06 a 09 deste m\u00eas de maio.<\/p>\n\n\n\n<p id=\"block-df6ef7f3-0fd1-421e-8ee1-3d8c89bd3cea\">Naquela cidade de Rondon\u00f3polis foram recepcionados pelo empres\u00e1rio e amigo, J\u00falio Martins e sua esposa T\u00e2nia. Na oportunidade foi pontuado sobre o futuro do cristianismo no nosso Pa\u00eds. A respeito de a igreja ser serva de Cristo e dar sustentabilidade ao cristianismo.<\/p>\n\n\n\n<p id=\"block-5fe8c1b9-89ec-43db-b329-a149fbadeae8\">Ainda em Rondon\u00f3polis, os membros do Com Cristo no Cerrado conheceram uma fam\u00edlia de tradi\u00e7\u00e3o na pecu\u00e1ria de grande porte e tecnologia, a fam\u00edlia Quirino. Eles foram recepcionados por Milton Quirino, sua esposa Juliana e sua irm\u00e3 Luana. \u201cRelembramos amizades antigas entre as fam\u00edlias e firmamos nosso compromisso da vida de f\u00e9 e de pr\u00e1tica com Jesus\u201d, disse Alberto Schlatter.<\/p>\n\n\n\n<figure class=\"wp-block-image\" id=\"block-af7271d8-270b-48a1-b808-5edf4fa875a9\"><img decoding=\"async\" src=\"https:\/\/jovemsulnews.com.br\/wp-content\/uploads\/2022\/05\/VIAGEM-MISSIONARIA-COM-CRISTO-NO-CERRADO-MT-02.jpg\" alt=\"O atributo alt desta imagem est\u00e1 vazio. O nome do arquivo \u00e9 VIAGEM-MISSIONARIA-COM-CRISTO-NO-CERRADO-MT-02.jpg\"\/><\/figure>\n\n\n\n<p id=\"block-2b9b3944-1aea-4cc0-8e90-8cc61c93bf17\">Alberto Schlatter disse que houve um encontro prazeroso e aben\u00e7oado naquela cidade. Eles realizaram uma visita ao Pastor Paulo e Claudia (primeira secret\u00e1ria do Com Cristo no Cerrado), onde relembraram hist\u00f3rias do nascimento do Com Cristo no Cerrado, onde pastor Paulo foi diretor do Semin\u00e1rio.<\/p>\n\n\n\n<p id=\"block-e52e2900-0f0a-4a2a-87bf-8fecf160a611\">De Rondon\u00f3polis, os mission\u00e1rios do Com Cristo no Cerrado seguiram para Campo Verde, onde foram recebidos, j\u00e1 no s\u00e1bado, dia 07 de maio, pelo empres\u00e1rio do agroneg\u00f3cio Sr. Lourival, sua esposa Marilda e demais familiares. Na oportunidade, Alberto Schlatter disse que na casa daquele empres\u00e1rio o assunto principal foi tamb\u00e9m o reino de Deus e a caminhada crist\u00e3.<\/p>\n\n\n\n<p id=\"block-65320764-aa5f-4b67-87e0-fe51a103482e\">Naquela mesma cidade de Campo Verde, os mission\u00e1rios do Com Cristo no Cerrado se reuniram com pastores do Conselho de Pastores e Pastoras de Campo Verde, (CONCAVE): Pr. Vander Ribeiro Marques, da Igreja Nova Alian\u00e7a; Pr. Daniel Euj\u00e1cio Teixeira, da Igreja Batista Shalom; Pr. Roberto Grubert, da Igreja de Deus; Pr. Carlos Rodrigo Bernardes da Silva, Igreja Nova Alian\u00e7a.<\/p>\n\n\n\n<figure class=\"wp-block-image\" id=\"block-ae558947-d360-4edf-b816-6471b4f6ef95\"><img decoding=\"async\" src=\"https:\/\/jovemsulnews.com.br\/wp-content\/uploads\/2022\/05\/VIAGEM-MISSIONARIA-COM-CRISTO-NO-CERRADO-MT-03.jpg\" alt=\"O atributo alt desta imagem est\u00e1 vazio. O nome do arquivo \u00e9 VIAGEM-MISSIONARIA-COM-CRISTO-NO-CERRADO-MT-03.jpg\"\/><\/figure>\n\n\n\n<p id=\"block-b8c9653f-a486-45f4-b5e2-50e03c417df7\">Na oportunidade eles receberam a visita do senhor Alexandre Schenkel, vice-presidente da ABRAPA, Associa\u00e7\u00e3o Brasileira dos Produtores de Algod\u00e3o, quando o presidente do Com Cristo no Cerrado, Alberto Schlatter, apontou a necessidade urgente do cristianismo voltar ao \u201cprimeiro amor\u201d, ao compromisso com Deus e com a salva\u00e7\u00e3o em Cristo Jesus.<\/p>\n\n\n\n<p id=\"block-37537ccb-05f7-41f4-9146-6c1c60325766\">No encontro ficou estabelecido que no final do segundo semestre deste ano de 2022, dever\u00e1 ser realizada, em parceria entre o CONCAVE e o Com Cristo no Cerrado, uma palestra, para os empres\u00e1rios do agro e suas fam\u00edlias, naquela cidade de Campo Verde.<\/p>\n\n\n\n<p id=\"block-c2bf4e09-2a58-417c-ad25-fec79d1206c2\">A viagem se encerrou na capital Cuiab\u00e1, no domingo, dia 08, em encontro com o senhor Bertolino e esposa Gisele; M\u00e1rcio Souza, com sua esposa Fabiane, filha Anna Lu\u00edsa e o futuro genro Hildebrando. Onde dentre tantas falas produtivas, destacou-se o temor a Deus, testemunho de nossas vidas e compromisso em divulgar a Palavra de Deus, esse encontro aben\u00e7oado estendeu-se por toda manh\u00e3 e s\u00f3 se encerrou por necessidade de os visitantes realizarem o&nbsp;<em>chek in<\/em>, para retornarem a Rondon\u00f3polis.<\/p>\n\n\n\n<figure class=\"wp-block-image\" id=\"block-4ce276ae-a7ed-4ab0-8d06-1409b64ebe2b\"><img decoding=\"async\" src=\"https:\/\/jovemsulnews.com.br\/wp-content\/uploads\/2022\/05\/VIAGEM-MISSIONARIA-COM-CRISTO-NO-CERRADO-MT-04.jpg\" alt=\"O atributo alt desta imagem est\u00e1 vazio. O nome do arquivo \u00e9 VIAGEM-MISSIONARIA-COM-CRISTO-NO-CERRADO-MT-04.jpg\"\/><\/figure>\n\n\n\n<p id=\"block-3dc2c07a-7aa7-4bec-98e9-310d689c0121\">Na parceria com o colaborador do Com Cristo no Cerrado, Maur\u00edcio Tonh\u00e1, da Est\u00e2ncia Bahia, foram adquiridas por ele, 532 b\u00edblias personalizadas, para distribui\u00e7\u00e3o gratuita, com o mesmo prop\u00f3sito; levar a palavra de Deus entre homens e mulheres empres\u00e1rios do agroneg\u00f3cio.<\/p>\n\n\n\n<p id=\"block-473fe51a-965d-45b7-846d-0de758e3274f\">Em todos os encontros, nas tr\u00eas cidades percorridas, os mission\u00e1rios do Com Cristo no Cerrado entregaram a B\u00edblia personalizada.<\/p>\n\n\n\n<p id=\"block-8dca9756-0f32-4ee7-98a4-b91daa5519ad\">\u201cN\u00e3o poder\u00edamos deixar de agradecer a Deus e a receptividade de todos, que j\u00e1 consideramos colaboradores do Com Cristo no Cerrado\u201d disse o Presidente Alberto Schlatter.<\/p>\n\n\n\n<p id=\"block-c32f90a5-e48f-4742-915c-dc6336b75927\"><em>Fonte: Jovemsulnews (Norbertino Angeli)<\/em><\/p>\n\n\n\n<figure class=\"wp-block-image\" id=\"block-d40d9e29-b692-43e4-9720-8cbfc857c24a\"><img decoding=\"async\" src=\"https:\/\/jovemsulnews.com.br\/wp-content\/uploads\/2022\/05\/VIAGEM-MISSIONARIA-COM-CRISTO-NO-CERRADO-MT-05.jpg\" alt=\"O atributo alt desta imagem est\u00e1 vazio. O nome do arquivo \u00e9 VIAGEM-MISSIONARIA-COM-CRISTO-NO-CERRADO-MT-05.jpg\"\/><\/figure>\n\n\n\n<figure class=\"wp-block-image\" id=\"block-bd47ca46-aa3a-4630-84fe-1e6afa154d88\"><img decoding=\"async\" src=\"https:\/\/jovemsulnews.com.br\/wp-content\/uploads\/2022\/05\/VIAGEM-MISSIONARIA-COM-CRISTO-NO-CERRADO-MT-06.jpg\" alt=\"O atributo alt desta imagem est\u00e1 vazio. O nome do arquivo \u00e9 VIAGEM-MISSIONARIA-COM-CRISTO-NO-CERRADO-MT-06.jpg\"\/><\/figure>\n\n\n\n<figure class=\"wp-block-image\" id=\"block-a30097f2-5470-4670-89ba-4f37c00dcd6a\"><img decoding=\"async\" src=\"https:\/\/jovemsulnews.com.br\/wp-content\/uploads\/2022\/05\/VIAGEM-MISSIONARIA-COM-CRISTO-NO-CERRADO-MT-07.jpg\" alt=\"O atributo alt desta imagem est\u00e1 vazio. O nome do arquivo \u00e9 VIAGEM-MISSIONARIA-COM-CRISTO-NO-CERRADO-MT-07.jpg\"\/><\/figure>\n\n\n\n<figure class=\"wp-block-image\" id=\"block-4f41c72e-d248-464a-972d-b2c7ab000234\"><img decoding=\"async\" src=\"https:\/\/jovemsulnews.com.br\/wp-content\/uploads\/2022\/05\/VIAGEM-MISSIONARIA-COM-CRISTO-NO-CERRADO-MT-08.jpg\" alt=\"O atributo alt desta imagem est\u00e1 vazio. O nome do arquivo \u00e9 VIAGEM-MISSIONARIA-COM-CRISTO-NO-CERRADO-MT-08.jpg\"\/><\/figure>\n\n\n\n<figure class=\"wp-block-image\" id=\"block-b35894d1-0148-4408-9f41-b8ed1e4a2e11\"><img decoding=\"async\" src=\"https:\/\/jovemsulnews.com.br\/wp-content\/uploads\/2022\/05\/VIAGEM-MISSIONARIA-COM-CRISTO-NO-CERRADO-MT-09.jpg\" alt=\"O atributo alt desta imagem est\u00e1 vazio. O nome do arquivo \u00e9 VIAGEM-MISSIONARIA-COM-CRISTO-NO-CERRADO-MT-09.jpg\"\/><\/figure>\n\n\n\n<pre id=\"block-e5ce7a1f-62ab-4130-8382-31c67a70a82a\" class=\"wp-block-preformatted\"><strong>https:\/\/jovemsulnews.com.br\/noticias\/viagem-missionaria-de-diretores-do-com-cristo-no-cerrado-entrega-mais-de-530-biblias-em-mato-grosso\/<\/strong><\/pre>\n\n\n\n<p>\ufeff<\/p>\n\n\n\n<h2 class=\"wp-block-heading\"><\/h2>\n\n\n\n<hr class=\"wp-block-separator is-style-wide\"\/>\n\n\n\n<h2 class=\"wp-block-heading\">VIAGEM MISSION\u00c1RIA \u2013 RONDON\u00d3POLIS, CUIAB\u00c1 E PRIMAVERA DO LESTE \u2013 MT<\/h2>\n\n\n\n<figure class=\"wp-block-embed is-type-video is-provider-youtube wp-block-embed-youtube wp-embed-aspect-16-9 wp-has-aspect-ratio\"><div class=\"wp-block-embed__wrapper\">\n<iframe loading=\"lazy\" title=\"V\u00cdDEO   PRIMAVERA DO LESTE\" width=\"767\" height=\"431\" src=\"https:\/\/www.youtube.com\/embed\/aII2qVtxyz0?feature=oembed\" frameborder=\"0\" allow=\"accelerometer; autoplay; clipboard-write; encrypted-media; gyroscope; picture-in-picture\" allowfullscreen><\/iframe>\n<\/div><\/figure>\n\n\n\n<p><\/p>\n\n\n\n<hr class=\"wp-block-separator is-style-wide\"\/>\n\n\n\n<p><\/p>\n\n\n\n<h2 class=\"wp-block-heading\">COM CRISTO NO CERRADO: Fam\u00edlia Schlatter Matsumoto entrega b\u00edblia e kit evang\u00e9lico ao empres\u00e1rio Luciano Hang<\/h2>\n\n\n\n<div class=\"wp-block-media-text alignwide is-stacked-on-mobile\"><figure class=\"wp-block-media-text__media\"><img loading=\"lazy\" decoding=\"async\" width=\"700\" height=\"523\" src=\"http:\/\/comcristonocerrado.org\/wp-content\/uploads\/2022\/01\/Familia-Schalatter-Matsumoto-e-Luciano-Hang.jpg\" alt=\"\" class=\"wp-image-618 size-full\" srcset=\"https:\/\/comcristonocerrado.org\/wp-content\/uploads\/2022\/01\/Familia-Schalatter-Matsumoto-e-Luciano-Hang.jpg 700w, https:\/\/comcristonocerrado.org\/wp-content\/uploads\/2022\/01\/Familia-Schalatter-Matsumoto-e-Luciano-Hang-300x224.jpg 300w, https:\/\/comcristonocerrado.org\/wp-content\/uploads\/2022\/01\/Familia-Schalatter-Matsumoto-e-Luciano-Hang-80x60.jpg 80w, https:\/\/comcristonocerrado.org\/wp-content\/uploads\/2022\/01\/Familia-Schalatter-Matsumoto-e-Luciano-Hang-110x83.jpg 110w\" sizes=\"auto, (max-width: 700px) 100vw, 700px\" \/><\/figure><div class=\"wp-block-media-text__content\">\n<h2 class=\"has-text-align-center wp-block-heading\">O empres\u00e1rio acompanhado de sua m\u00e3e Ana L\u00facia Schlatter Matsumoto, apresentaram o projeto Com Cristo no Cerrado ao Luciano Hang, um dos maiores empres\u00e1rios do Brasil.<\/h2>\n<\/div><\/div>\n\n\n\n<blockquote class=\"wp-block-quote has-text-align-left is-layout-flow wp-block-quote-is-layout-flow\"><p>O empres\u00e1rio e produtor rural Paulo Schlatter Matsumoto e sua m\u00e3e Ana L\u00facia Schlatter Matsumoto, estiveram na cidade de Brusque&nbsp; &#8211; Santa Catarina, na sede da empresa Havan -, de propriedade de um dos maiores empres\u00e1rios do pa\u00eds, Luciano Hang, admirado pela fam\u00edlia Schlatter e Mtsumoto.<\/p><\/blockquote>\n\n\n\n<p>Ontem, quarta-feira(269), Paulo e Ana L\u00facia tiveram um encontro com Luciano Hang, onde fizeram quest\u00e3o de apresentar o projeto Com Cristo no Cerrado e presente\u00e1-lo com uma b\u00edblia sagrada e um kit evang\u00e9lico, contendo um CD e outros materiais do minist\u00e9rio Com Cristo no Cerrado.<\/p>\n\n\n\n<p>Luciano Hang gravou um v\u00eddeo (link abaixo) ao lado de Paulo e Ana L\u00facia, agradecendo a visita e aos brindes. Ele ainda agradeceu e mandou um forte abra\u00e7o ao presidente do minist\u00e9rio, Alberto Schlatter, av\u00f4 de Paulo.<\/p>\n\n\n\n<p>O empres\u00e1rio parabenizou ao projeto e o trabalho do minist\u00e9rio, em especial ao presidente Alberto Schlatter pela propaga\u00e7\u00e3o do evangelho.<\/p>\n\n\n\n<p>Luciano Hang \u00e9 o co-fundador e propriet\u00e1rio da Havan, uma das maiores redes de lojas de departamentos do Brasil. Foi listado pela revista Forbes como o 21\u00b0 mais rico do Brasil.<\/p>\n\n\n\n<div class=\"wp-block-cover alignleft\" style=\"min-height:391px;aspect-ratio:unset;\"><span aria-hidden=\"true\" class=\"wp-block-cover__gradient-background has-background-dim\"><\/span><img loading=\"lazy\" decoding=\"async\" width=\"766\" height=\"1024\" class=\"wp-block-cover__image-background wp-image-616\" alt=\"\" src=\"http:\/\/comcristonocerrado.org\/wp-content\/uploads\/2022\/01\/image-766x1024.jpeg\" data-object-fit=\"cover\"\/><div class=\"wp-block-cover__inner-container is-layout-flow wp-block-cover-is-layout-flow\">\n<p class=\"has-large-font-size\"><\/p>\n<\/div><\/div>\n\n\n\n<p>O minist\u00e9rio Com Cristo no Cerrado j\u00e1 distribuiu gratuitamente 26 mil b\u00edblias para o p\u00fablico adulto e 10 mil b\u00edblias&nbsp;para o p\u00fablico infantil. Mais de 40 mil CDs.&nbsp;<\/p>\n\n\n\n<p>O projeto existe h\u00e1 17 anos e mant\u00e9m parceria com tr\u00eas grandes projetos: Rede Feminina de Combate ao C\u00e2ncer; Projeto Paralelas(Minist\u00e9rio P\u00fablico) &#8211; redu\u00e7\u00e3o de criminalidade dom\u00e9stica; Grupo Schlatter &#8211; distribui\u00e7\u00e3o de cestas b\u00e1sicas \u00e0s fam\u00edlias carente e em situa\u00e7\u00e3o de vulnerabilidade social.<\/p>\n\n\n\n<p><strong>Minist\u00e9rio Com Cristo no Cerrado<\/strong><\/p>\n\n\n\n<p>Fundado em abril de 2004, o minist\u00e9rio Com Cristo no Cerrado \u00e9 uma organiza\u00e7\u00e3o interdenominacional sem fins lucrativos, mantida pela provid\u00eancia divina atrav\u00e9s de doa\u00e7\u00f5es volunt\u00e1rias.<\/p>\n\n\n\n<p><a href=\"https:\/\/comcristonocerrado.org\/?page_id=58\" target=\"_blank\" rel=\"noreferrer noopener\"><em>Conhe\u00e7a mais sobre o minist\u00e9rio e seus projetos&nbsp;<strong>clicando aqui.<\/strong><\/em><\/a><\/p>\n\n\n\n<p>Nossa miss\u00e3o:&nbsp;Disseminar a palavra de Deus aos homens de neg\u00f3cios e a todas as fam\u00edlias ligadas a cadeia produtiva do agroneg\u00f3cio, especialmente nas regi\u00f5es do cerrado brasileiro.<\/p>\n\n\n\n<p>Nossa estrat\u00e9gia:&nbsp;Atuar atrav\u00e9s da distribui\u00e7\u00e3o de b\u00edblias personalizadas, literatura de boa qualidade, mensagens gravadas e da realiza\u00e7\u00e3o de confer\u00eancias.<\/p>\n\n\n\n<p>A Institui\u00e7\u00e3o&nbsp;COM CRISTO NO CERRADO,&nbsp;poder\u00e1 relacionar-se para fins de coopera\u00e7\u00e3o, com as outras organiza\u00e7\u00f5es, associa\u00e7\u00f5es, miss\u00f5es e minist\u00e9rios que se alinhem a sua vis\u00e3o no aspecto da evangeliza\u00e7\u00e3o, desde que, n\u00e3o configure e nem a vincule a qualquer seguimento eclesi\u00e1stico.<\/p>\n\n\n\n<p>No desenvolvimento de suas atividades evangel\u00edsticas, a institui\u00e7\u00e3o observar\u00e1 os princ\u00edpios da legalidade, impessoalidade, \u00e9tica, transpar\u00eancia, equidade, publicidade, economicidade e efici\u00eancia, e n\u00e3o far\u00e1 qualquer discrimina\u00e7\u00e3o de ra\u00e7a, cor, sexo ou religi\u00e3o.<\/p>\n\n\n\n<p>A fim de cumprir suas finalidades, a Institui\u00e7\u00e3o COM CRISTO NO CERRADO se organizar\u00e1 em unidades, quantas se fizerem necess\u00e1rias, podendo atuar em todo territ\u00f3rio nacional e internacional, abrindo n\u00facleos regionais, filiais ou licenciados que ser\u00e3o regidos pelas normas estatut\u00e1rias.<\/p>\n\n\n\n<p>Eleitos para o mandato 2020 \u2013 2022<\/p>\n\n\n\n<p>Presidente:&nbsp;Alberto Schlatter<\/p>\n\n\n\n<p>Vice-presidente:&nbsp;Aldo Aparecido de Souza<\/p>\n\n\n\n<ul class=\"wp-block-list\"><li><strong>1\u00ba Secret\u00e1rio:&nbsp;Ad\u00e3o Antonio Hoffmann<\/strong><\/li><li><strong>2\u00ba Secret\u00e1rio:&nbsp;C\u00edcero Benedito dos Santos<\/strong><\/li><li><strong>1\u00ba Tesoureiro:&nbsp;Jusciney Borges Menino<\/strong><\/li><li><strong>2\u00ba Tesoureiro:&nbsp;Jonas Mulari Schlatter<\/strong><\/li><\/ul>\n\n\n\n<hr class=\"wp-block-separator is-style-wide\"\/>\n\n\n\n<div class=\"wp-block-image\"><figure class=\"aligncenter size-large\"><img loading=\"lazy\" decoding=\"async\" width=\"1024\" height=\"1024\" src=\"http:\/\/comcristonocerrado.org\/wp-content\/uploads\/2021\/08\/FOTO-COM-JULIA-MARTINS-RONDONOPOLIS-1024x1024.jpg\" alt=\"\" class=\"wp-image-476\" srcset=\"https:\/\/comcristonocerrado.org\/wp-content\/uploads\/2021\/08\/FOTO-COM-JULIA-MARTINS-RONDONOPOLIS-1024x1024.jpg 1024w, https:\/\/comcristonocerrado.org\/wp-content\/uploads\/2021\/08\/FOTO-COM-JULIA-MARTINS-RONDONOPOLIS-300x300.jpg 300w, https:\/\/comcristonocerrado.org\/wp-content\/uploads\/2021\/08\/FOTO-COM-JULIA-MARTINS-RONDONOPOLIS-150x150.jpg 150w, https:\/\/comcristonocerrado.org\/wp-content\/uploads\/2021\/08\/FOTO-COM-JULIA-MARTINS-RONDONOPOLIS-768x768.jpg 768w, https:\/\/comcristonocerrado.org\/wp-content\/uploads\/2021\/08\/FOTO-COM-JULIA-MARTINS-RONDONOPOLIS-60x60.jpg 60w, https:\/\/comcristonocerrado.org\/wp-content\/uploads\/2021\/08\/FOTO-COM-JULIA-MARTINS-RONDONOPOLIS.jpg 1080w\" sizes=\"auto, (max-width: 1024px) 100vw, 1024px\" \/><\/figure><\/div>\n\n\n\n<hr class=\"wp-block-separator is-style-wide\"\/>\n\n\n\n<div class=\"wp-block-image\"><figure class=\"aligncenter size-large\"><img loading=\"lazy\" decoding=\"async\" width=\"1024\" height=\"1024\" src=\"http:\/\/comcristonocerrado.org\/wp-content\/uploads\/2021\/08\/COMUNICADO-IMPORTANTE-1024x1024.jpg\" alt=\"\" class=\"wp-image-471\" srcset=\"https:\/\/comcristonocerrado.org\/wp-content\/uploads\/2021\/08\/COMUNICADO-IMPORTANTE-1024x1024.jpg 1024w, https:\/\/comcristonocerrado.org\/wp-content\/uploads\/2021\/08\/COMUNICADO-IMPORTANTE-300x300.jpg 300w, https:\/\/comcristonocerrado.org\/wp-content\/uploads\/2021\/08\/COMUNICADO-IMPORTANTE-150x150.jpg 150w, https:\/\/comcristonocerrado.org\/wp-content\/uploads\/2021\/08\/COMUNICADO-IMPORTANTE-768x768.jpg 768w, https:\/\/comcristonocerrado.org\/wp-content\/uploads\/2021\/08\/COMUNICADO-IMPORTANTE-60x60.jpg 60w, https:\/\/comcristonocerrado.org\/wp-content\/uploads\/2021\/08\/COMUNICADO-IMPORTANTE.jpg 1080w\" sizes=\"auto, (max-width: 1024px) 100vw, 1024px\" \/><\/figure><\/div>\n\n\n\n<hr class=\"wp-block-separator is-style-wide\"\/>\n\n\n\n<div class=\"wp-block-image\"><figure class=\"aligncenter size-large\"><img loading=\"lazy\" decoding=\"async\" width=\"1024\" height=\"1024\" src=\"http:\/\/comcristonocerrado.org\/wp-content\/uploads\/2021\/08\/FOTO-PRIMAVER-DO-LESTE-1024x1024.jpg\" alt=\"\" class=\"wp-image-469\" srcset=\"https:\/\/comcristonocerrado.org\/wp-content\/uploads\/2021\/08\/FOTO-PRIMAVER-DO-LESTE-1024x1024.jpg 1024w, https:\/\/comcristonocerrado.org\/wp-content\/uploads\/2021\/08\/FOTO-PRIMAVER-DO-LESTE-300x300.jpg 300w, https:\/\/comcristonocerrado.org\/wp-content\/uploads\/2021\/08\/FOTO-PRIMAVER-DO-LESTE-150x150.jpg 150w, https:\/\/comcristonocerrado.org\/wp-content\/uploads\/2021\/08\/FOTO-PRIMAVER-DO-LESTE-768x768.jpg 768w, https:\/\/comcristonocerrado.org\/wp-content\/uploads\/2021\/08\/FOTO-PRIMAVER-DO-LESTE-60x60.jpg 60w, https:\/\/comcristonocerrado.org\/wp-content\/uploads\/2021\/08\/FOTO-PRIMAVER-DO-LESTE.jpg 1080w\" sizes=\"auto, (max-width: 1024px) 100vw, 1024px\" \/><\/figure><\/div>\n","protected":false},"excerpt":{"rendered":"<p>Terceira Viagem mission\u00e1ria de diretores do Com Cristo no Cerrado entrega mais de 530 b\u00edblias personalizadas em Mato Grosso Viagem mission\u00e1ria de diretores do Com Cristo no Cerrado Durante o &hellip; <\/p>\n","protected":false},"author":2,"featured_media":0,"parent":0,"menu_order":0,"comment_status":"closed","ping_status":"closed","template":"","meta":{"footnotes":""},"class_list":["post-606","page","type-page","status-publish","hentry"],"_links":{"self":[{"href":"https:\/\/comcristonocerrado.org\/index.php?rest_route=\/wp\/v2\/pages\/606","targetHints":{"allow":["GET"]}}],"collection":[{"href":"https:\/\/comcristonocerrado.org\/index.php?rest_route=\/wp\/v2\/pages"}],"about":[{"href":"https:\/\/comcristonocerrado.org\/index.php?rest_route=\/wp\/v2\/types\/page"}],"author":[{"embeddable":true,"href":"https:\/\/comcristonocerrado.org\/index.php?rest_route=\/wp\/v2\/users\/2"}],"replies":[{"embeddable":true,"href":"https:\/\/comcristonocerrado.org\/index.php?rest_route=%2Fwp%2Fv2%2Fcomments&post=606"}],"version-history":[{"count":9,"href":"https:\/\/comcristonocerrado.org\/index.php?rest_route=\/wp\/v2\/pages\/606\/revisions"}],"predecessor-version":[{"id":852,"href":"https:\/\/comcristonocerrado.org\/index.php?rest_route=\/wp\/v2\/pages\/606\/revisions\/852"}],"wp:attachment":[{"href":"https:\/\/comcristonocerrado.org\/index.php?rest_route=%2Fwp%2Fv2%2Fmedia&parent=606"}],"curies":[{"name":"wp","href":"https:\/\/api.w.org\/{rel}","templated":true}]}}